{"id":102,"date":"2017-03-29T11:08:58","date_gmt":"2017-03-29T09:08:58","guid":{"rendered":"http:\/\/www.salesandoperationsplanning.dk\/?page_id=102"},"modified":"2019-03-17T13:51:30","modified_gmt":"2019-03-17T12:51:30","slug":"resultater-2","status":"publish","type":"page","link":"https:\/\/www.salesandoperationsplanning.dk\/index.php\/resultater\/resultater-2\/","title":{"rendered":"Best practices"},"content":{"rendered":"<a class=\"maxbutton-22 maxbutton maxbutton-arla-foods\" href=\"\/index.php\/resultater\/resultater-2\/arla-2\/\"><span class='mb-text'>Arla Foods<\/span><\/a><a class=\"maxbutton-23 maxbutton maxbutton-jbs\" href=\"\/index.php\/resultater\/resultater-2\/jbs-2\/\"><span class='mb-text'>JBS<\/span><\/a> <a class=\"maxbutton-24 maxbutton maxbutton-lantmannen-unibake\" href=\"\/index.php\/resultater\/resultater-2\/lantmannen\/\"><span class='mb-text'>Lantm\u00e4nnen Unibake<\/span><\/a> <a class=\"maxbutton-25 maxbutton maxbutton-pandora\" href=\"\/index.php\/resultater\/resultater-2\/pandora-2\/\"><span class='mb-text'>PANDORA<\/span><\/a>\n<a class=\"maxbutton-26 maxbutton maxbutton-toms-gruppen\" href=\"\/index.php\/resultater\/resultater-2\/toms-2\/\"><span class='mb-text'>Toms Gruppen<\/span><\/a> <a class=\"maxbutton-27 maxbutton maxbutton-4improve\" href=\"\/index.php\/resultater\/resultater-2\/4improve\/\"><span class='mb-text'>4IMPROVE<\/span><\/a> <a class=\"maxbutton-28 maxbutton maxbutton-implement-consulting-group\" href=\"\/index.php\/resultater\/resultater-2\/implement\/\"><span class='mb-text'>Implement Consulting Group<\/span><\/a> <a class=\"maxbutton-29 maxbutton maxbutton-mercuri-urval\" href=\"\/index.php\/resultater\/resultater-2\/mercuri-urval-2\/\"><span class='mb-text'>Mercuri Urval<\/span><\/a>\n<p>Projektet indeholder studier &#8211; s\u00e5kaldte best practices i implementering af S&amp;OP blandt danske virksomheder. Best practices er n\u00e6vnt i flertal for at tydeligg\u00f8re, at der ikke kun er \u00e8n best practice, men flere &#8211; afh\u00e6ngigt af situation specifikke forhold. Herunder vil best practices fra fire store en lille virksomhed blive fremlagt for at \u00f8ge opm\u00e6rksomheden p\u00e5, hvorledes konkurrencekraft kan forbedres i danske industrivirksomheder gennem S&amp;OP.<\/p>\n<p>Der vil blive udarbejdet casebeskrivelser samt videoklip om succeskriterier og faldgrupper ved S&amp;OP implementeringerne samt de forretningsm\u00e6ssige fordele, der er opn\u00e5et via implementeringerne.<\/p>\n<p>Virksomhederne er udvalgt p\u00e5 baggrund af den erfaring de har p\u00e5 omr\u00e5det og de forretningsm\u00e6ssige resultater, der er opn\u00e5et gennem implementering af S&amp;OP.<\/p>\n<p>Derudover har konsulentvirksomheden <a href=\"http:\/\/4improve.dk\/\">4Improve<\/a> lavet et videoklip omkring S&amp;OP konceptet og v\u00e6rdiskabelse.<\/p>\n<div class='content-column one_third'><a href=\"http:\/\/www.salesandoperationsplanning.dk\/index.php\/jbs\/\" target=\"_blank\" rel=\"noopener noreferrer\"><img loading=\"lazy\" decoding=\"async\" class=\"alignnone wp-image-399 size-full\" src=\"http:\/\/www.salesandoperationsplanning.dk\/wp-content\/uploads\/2017\/05\/JBS-e1502709546352.png\" alt=\"\" width=\"175\" height=\"114\" \/><\/a><\/div><div class='content-column one_third'><a href=\"http:\/\/www.salesandoperationsplanning.dk\/index.php\/arla\/\" target=\"_blank\" rel=\"noopener noreferrer\"><img loading=\"lazy\" decoding=\"async\" class=\"alignnone wp-image-396 size-full\" src=\"http:\/\/www.salesandoperationsplanning.dk\/wp-content\/uploads\/2017\/05\/Arla-e1502709500969.jpg\" alt=\"\" width=\"175\" height=\"118\" \/><\/a><\/div><div class='content-column one_third last_column'><a href=\"http:\/\/www.salesandoperationsplanning.dk\/index.php\/pandora\/\" target=\"_blank\" rel=\"noopener noreferrer\"><img loading=\"lazy\" decoding=\"async\" class=\"alignnone wp-image-402 size-full\" src=\"http:\/\/www.salesandoperationsplanning.dk\/wp-content\/uploads\/2017\/05\/Pandora-e1502709588742.png\" alt=\"\" width=\"175\" height=\"56\" \/><\/a><\/div><div class='clear_column'><\/div>\n<div class='content-column one_third'><a href=\"http:\/\/www.salesandoperationsplanning.dk\/index.php\/lantmannen\/\" target=\"_blank\" rel=\"noopener noreferrer\"><img loading=\"lazy\" decoding=\"async\" class=\"alignleft wp-image-558 size-full\" src=\"http:\/\/www.salesandoperationsplanning.dk\/wp-content\/uploads\/2017\/05\/Lantm\u00e4nnen-unibake.png\" alt=\"\" width=\"144\" height=\"68\" \/><\/a><\/div><div class='content-column one_third'><a href=\"http:\/\/www.salesandoperationsplanning.dk\/index.php\/toms\/\" target=\"_blank\" rel=\"noopener noreferrer\"><img loading=\"lazy\" decoding=\"async\" class=\"alignnone wp-image-405 size-full\" src=\"http:\/\/www.salesandoperationsplanning.dk\/wp-content\/uploads\/2017\/05\/Toms-e1502709343402.png\" alt=\"\" width=\"144\" height=\"58\" \/><\/a><\/div><div class='content-column one_third last_column'><a href=\"http:\/\/www.salesandoperationsplanning.dk\/index.php\/4improve\/\" target=\"_blank\" rel=\"noopener noreferrer\"><img loading=\"lazy\" decoding=\"async\" class=\"alignnone wp-image-1326 size-full\" src=\"http:\/\/www.salesandoperationsplanning.dk\/wp-content\/uploads\/2017\/03\/4Improve-e1505115274638.jpg\" alt=\"\" width=\"175\" height=\"98\" \/><\/a><\/div><div class='clear_column'><\/div>\n","protected":false},"excerpt":{"rendered":"<p>Projektet indeholder studier &#8211; s\u00e5kaldte best practices i implementering af S&amp;OP blandt danske virksomheder. Best practices er n\u00e6vnt i flertal for at tydeligg\u00f8re, at der ikke kun er \u00e8n best&#8230; <\/p>\n","protected":false},"author":2,"featured_media":0,"parent":39,"menu_order":0,"comment_status":"closed","ping_status":"closed","template":"","meta":{"footnotes":""},"class_list":["post-102","page","type-page","status-publish","hentry"],"_links":{"self":[{"href":"https:\/\/www.salesandoperationsplanning.dk\/index.php\/wp-json\/wp\/v2\/pages\/102","targetHints":{"allow":["GET"]}}],"collection":[{"href":"https:\/\/www.salesandoperationsplanning.dk\/index.php\/wp-json\/wp\/v2\/pages"}],"about":[{"href":"https:\/\/www.salesandoperationsplanning.dk\/index.php\/wp-json\/wp\/v2\/types\/page"}],"author":[{"embeddable":true,"href":"https:\/\/www.salesandoperationsplanning.dk\/index.php\/wp-json\/wp\/v2\/users\/2"}],"replies":[{"embeddable":true,"href":"https:\/\/www.salesandoperationsplanning.dk\/index.php\/wp-json\/wp\/v2\/comments?post=102"}],"version-history":[{"count":36,"href":"https:\/\/www.salesandoperationsplanning.dk\/index.php\/wp-json\/wp\/v2\/pages\/102\/revisions"}],"predecessor-version":[{"id":3839,"href":"https:\/\/www.salesandoperationsplanning.dk\/index.php\/wp-json\/wp\/v2\/pages\/102\/revisions\/3839"}],"up":[{"embeddable":true,"href":"https:\/\/www.salesandoperationsplanning.dk\/index.php\/wp-json\/wp\/v2\/pages\/39"}],"wp:attachment":[{"href":"https:\/\/www.salesandoperationsplanning.dk\/index.php\/wp-json\/wp\/v2\/media?parent=102"}],"curies":[{"name":"wp","href":"https:\/\/api.w.org\/{rel}","templated":true}]}}