{"id":1032,"date":"2017-08-24T09:07:13","date_gmt":"2017-08-24T07:07:13","guid":{"rendered":"http:\/\/www.salesandoperationsplanning.dk\/?page_id=1032"},"modified":"2017-11-15T13:42:10","modified_gmt":"2017-11-15T12:42:10","slug":"viking-life-saving-equipment-2","status":"publish","type":"page","link":"https:\/\/www.salesandoperationsplanning.dk\/index.php\/resultater\/10-implementerings-forlob\/viking-life-saving-equipment-2\/","title":{"rendered":"VIKING Life-Saving Equipment"},"content":{"rendered":"<p><a href=\"https:\/\/www.viking-life.com\/en\" target=\"_blank\" rel=\"noopener\"><img loading=\"lazy\" decoding=\"async\" class=\"alignright wp-image-450 size-full\" src=\"http:\/\/www.salesandoperationsplanning.dk\/wp-content\/uploads\/2017\/05\/Viking-Life-Saving-Equipment-e1503557408736.png\" alt=\"\" width=\"160\" height=\"160\" \/><\/a>VIKING Life-Saving Equipment A\/S er global markedsleder inden for maritime, offshore og brandsikkerhed, som leverer og servicerer sikkerheds- og brandslukningsudstyr til passagerskibe og lastskibe, offshoreanl\u00e6g, fiskerfart\u00f8jer, fl\u00e5de-, helikoptertjenester, brandv\u00e6sener og fritidsb\u00e5de.<\/p>\n<p>Virksomheden, der er privatejet blev grundlagt i 1960 med hovedkontor i Esbjerg, Danmark. Produkterne fremstilles i Danmark, Norge, Bulgarien og Thailand.<\/p>\n<p>Verden er VIKINGS hjemmemarked &#8211; de t\u00e6nker og handler ud fra et globalt perspektiv. Deres verdensomsp\u00e6ndende tilstedev\u00e6relse sikrer n\u00e6rhed til kunderne.<\/p>\n<p>VIKINGs vision er, at kunderne skal anse VIKING som deres foretrukne partner for maritime og offshore sikkerhedsl\u00f8sninger. Innovationer, i form af unikke sikkerhedsaftaler, er n\u00f8glen til at opfylde denne vision.<br \/>\nNo-compromise service er en hj\u00f8rnesten i VIKINGs tilbud, leveret af et netv\u00e6rk af lokale eksperter og 260 certificerede servicestationer spredt over hele kloden. Virksomhedens mange afdelinger arbejder sammen som et team via et omfattende internt netv\u00e6rk, der udnytter den nyeste informationsteknologi.<\/p>\n<p>P\u00e5 trods af mange \u00e5r i branchen vokser VIKING stadig og tilbyder flere nye produkter og tjenester end nogensinde. En ting, de aldrig g\u00e5r p\u00e5 kompromis med, er kvalitet. Alle virksomhedens produkter opfylder de strengeste standarder for design, test og dokumentation.<\/p>\n<p>L\u00e6s mere p\u00e5\u00a0<a href=\"https:\/\/www.viking-life.com\/en\" target=\"_blank\" rel=\"noopener\">viking-life.com<\/a><\/p>\n","protected":false},"excerpt":{"rendered":"<p>VIKING Life-Saving Equipment A\/S er global markedsleder inden for maritime, offshore og brandsikkerhed, som leverer og servicerer sikkerheds- og brandslukningsudstyr til passagerskibe og lastskibe, offshoreanl\u00e6g, fiskerfart\u00f8jer, fl\u00e5de-, helikoptertjenester, brandv\u00e6sener og&#8230; <\/p>\n","protected":false},"author":14,"featured_media":0,"parent":330,"menu_order":0,"comment_status":"closed","ping_status":"closed","template":"","meta":{"footnotes":""},"class_list":["post-1032","page","type-page","status-publish","hentry"],"_links":{"self":[{"href":"https:\/\/www.salesandoperationsplanning.dk\/index.php\/wp-json\/wp\/v2\/pages\/1032","targetHints":{"allow":["GET"]}}],"collection":[{"href":"https:\/\/www.salesandoperationsplanning.dk\/index.php\/wp-json\/wp\/v2\/pages"}],"about":[{"href":"https:\/\/www.salesandoperationsplanning.dk\/index.php\/wp-json\/wp\/v2\/types\/page"}],"author":[{"embeddable":true,"href":"https:\/\/www.salesandoperationsplanning.dk\/index.php\/wp-json\/wp\/v2\/users\/14"}],"replies":[{"embeddable":true,"href":"https:\/\/www.salesandoperationsplanning.dk\/index.php\/wp-json\/wp\/v2\/comments?post=1032"}],"version-history":[{"count":9,"href":"https:\/\/www.salesandoperationsplanning.dk\/index.php\/wp-json\/wp\/v2\/pages\/1032\/revisions"}],"predecessor-version":[{"id":2177,"href":"https:\/\/www.salesandoperationsplanning.dk\/index.php\/wp-json\/wp\/v2\/pages\/1032\/revisions\/2177"}],"up":[{"embeddable":true,"href":"https:\/\/www.salesandoperationsplanning.dk\/index.php\/wp-json\/wp\/v2\/pages\/330"}],"wp:attachment":[{"href":"https:\/\/www.salesandoperationsplanning.dk\/index.php\/wp-json\/wp\/v2\/media?parent=1032"}],"curies":[{"name":"wp","href":"https:\/\/api.w.org\/{rel}","templated":true}]}}