{"id":1038,"date":"2017-08-24T09:08:18","date_gmt":"2017-08-24T07:08:18","guid":{"rendered":"http:\/\/www.salesandoperationsplanning.dk\/?page_id=1038"},"modified":"2017-11-15T17:33:05","modified_gmt":"2017-11-15T16:33:05","slug":"bryggeriet-vestfyen","status":"publish","type":"page","link":"https:\/\/www.salesandoperationsplanning.dk\/index.php\/resultater\/10-implementerings-forlob\/bryggeriet-vestfyen\/","title":{"rendered":"Bryggeriet Vestfyen"},"content":{"rendered":"<p><a href=\"http:\/\/bryggeriet-vestfyen.dk\/\"><img loading=\"lazy\" decoding=\"async\" class=\"wp-image-660 size-full alignright\" src=\"http:\/\/www.salesandoperationsplanning.dk\/wp-content\/uploads\/2017\/05\/vestfyen320-01-e1503555905651.gif\" alt=\"\" width=\"175\" height=\"98\" \/><\/a>Bryggeriet Vestfyen er Danmarks 4. st\u00f8rste bryggeri. Siden 1885 har bryggeriet produceret \u00f8l og vand i forskellige typer flasker og d\u00e5ser, b\u00e5de i eget navn og som private label. Desuden l\u00f8nproducerer Vestfyen for andre bryggerier. Virksomheden er Danmarks st\u00f8rste producent af special \u00f8l.<\/p>\n<p>I 2015 valgte bryggeriet, som det f\u00f8rste i Danmark, at kvitte forbruget af milj\u00f8belastende fyringsolie i deres produktion. De bruger nu udelukkende energi fra biobr\u00e6ndsel, der er CO<sub>2<\/sub> neutralt.<\/p>\n<p>L\u00e6s mere p\u00e5\u00a0<a href=\"http:\/\/bryggeriet-vestfyen.dk\/\" target=\"_blank\" rel=\"noopener\">bryggeriet-vestfyen.dk<\/a><\/p>\n","protected":false},"excerpt":{"rendered":"<p>Bryggeriet Vestfyen er Danmarks 4. st\u00f8rste bryggeri. Siden 1885 har bryggeriet produceret \u00f8l og vand i forskellige typer flasker og d\u00e5ser, b\u00e5de i eget navn og som private label. Desuden&#8230; <\/p>\n","protected":false},"author":14,"featured_media":0,"parent":330,"menu_order":0,"comment_status":"closed","ping_status":"closed","template":"","meta":{"footnotes":""},"class_list":["post-1038","page","type-page","status-publish","hentry"],"_links":{"self":[{"href":"https:\/\/www.salesandoperationsplanning.dk\/index.php\/wp-json\/wp\/v2\/pages\/1038","targetHints":{"allow":["GET"]}}],"collection":[{"href":"https:\/\/www.salesandoperationsplanning.dk\/index.php\/wp-json\/wp\/v2\/pages"}],"about":[{"href":"https:\/\/www.salesandoperationsplanning.dk\/index.php\/wp-json\/wp\/v2\/types\/page"}],"author":[{"embeddable":true,"href":"https:\/\/www.salesandoperationsplanning.dk\/index.php\/wp-json\/wp\/v2\/users\/14"}],"replies":[{"embeddable":true,"href":"https:\/\/www.salesandoperationsplanning.dk\/index.php\/wp-json\/wp\/v2\/comments?post=1038"}],"version-history":[{"count":10,"href":"https:\/\/www.salesandoperationsplanning.dk\/index.php\/wp-json\/wp\/v2\/pages\/1038\/revisions"}],"predecessor-version":[{"id":2303,"href":"https:\/\/www.salesandoperationsplanning.dk\/index.php\/wp-json\/wp\/v2\/pages\/1038\/revisions\/2303"}],"up":[{"embeddable":true,"href":"https:\/\/www.salesandoperationsplanning.dk\/index.php\/wp-json\/wp\/v2\/pages\/330"}],"wp:attachment":[{"href":"https:\/\/www.salesandoperationsplanning.dk\/index.php\/wp-json\/wp\/v2\/media?parent=1038"}],"curies":[{"name":"wp","href":"https:\/\/api.w.org\/{rel}","templated":true}]}}