{"id":1044,"date":"2017-08-24T09:08:47","date_gmt":"2017-08-24T07:08:47","guid":{"rendered":"http:\/\/www.salesandoperationsplanning.dk\/?page_id=1044"},"modified":"2017-11-15T13:28:13","modified_gmt":"2017-11-15T12:28:13","slug":"dinex-3","status":"publish","type":"page","link":"https:\/\/www.salesandoperationsplanning.dk\/index.php\/resultater\/10-implementerings-forlob\/dinex-3\/","title":{"rendered":"Dinex"},"content":{"rendered":"<p><a href=\"http:\/\/www.dinex.dk\/da\" target=\"_blank\" rel=\"noopener\"><img loading=\"lazy\" decoding=\"async\" class=\"alignright wp-image-657 size-full\" src=\"http:\/\/www.salesandoperationsplanning.dk\/wp-content\/uploads\/2017\/05\/Dinex-1-e1503555873539.png\" alt=\"\" width=\"175\" height=\"74\" \/><\/a>Dinex Gruppen er en f\u00f8rende global producent og distribut\u00f8r af innovative designede udst\u00f8dnings og udledningskontrol produkter og l\u00f8sninger til tung dieselolie og gasmotorindustrier. Virksomheden blev grundlagt i 1982 af Grethe og J\u00f8rgen Dinesen. I 2000 blev Torben Dinesen CEO og senere i 2011 hovedaktion\u00e6r i hele Dinex Gruppen.<\/p>\n<p>Dinex Gruppen har hoveds\u00e6de i Danmark og drives gennem 20 virksomheder, der tilsammen besk\u00e6ftiger mere end 1.200 dedikerede ansatte over hele verden. Dinex Gruppen er tilstede i 16 forskellige lande med produktion og salgsfaciliteter i Danmark, Storbritannien, Tyskland, Letland, USA, Tyrkiet, Rusland og Kina. Derudover har Dinex Gruppen salgsvirksomheder placeret i Spanien, Italien, Frankrig, Tyskland, Storbritannien, Polen og Serbien.<\/p>\n<p>Virksomheden har en stadigt voksende portef\u00f8lje af mere end 15.000 varenumre og komplette systemer, der repr\u00e6senterer alt fra r\u00f8r, lydd\u00e6mpere, klemmer, udst\u00f8dningsartikler, afkoblingselementer, isolationer og avancerede efterbehandlingssystemer med egen teknologi til bel\u00e6gning og underlag til DOC, DPF, SCR, POC, og F-SCR.<\/p>\n<p>Dinex-koncernen er den eneste verdensomsp\u00e6ndende producent af udst\u00f8dnings- og udledningsprodukter, der har sin egen kerne teknologi og produktionsplatforme for b\u00e5de emissionssubstrater, bel\u00e6gningsfaciliteter samt komplet systemintegration og produktion.<\/p>\n<p>L\u00e6s mere p\u00e5\u00a0<a href=\"http:\/\/www.dinex.dk\/da\" target=\"_blank\" rel=\"noopener\">dinex.dk<\/a><\/p>\n","protected":false},"excerpt":{"rendered":"<p>Dinex Gruppen er en f\u00f8rende global producent og distribut\u00f8r af innovative designede udst\u00f8dnings og udledningskontrol produkter og l\u00f8sninger til tung dieselolie og gasmotorindustrier. Virksomheden blev grundlagt i 1982 af Grethe&#8230; <\/p>\n","protected":false},"author":14,"featured_media":0,"parent":330,"menu_order":0,"comment_status":"closed","ping_status":"closed","template":"","meta":{"footnotes":""},"class_list":["post-1044","page","type-page","status-publish","hentry"],"_links":{"self":[{"href":"https:\/\/www.salesandoperationsplanning.dk\/index.php\/wp-json\/wp\/v2\/pages\/1044","targetHints":{"allow":["GET"]}}],"collection":[{"href":"https:\/\/www.salesandoperationsplanning.dk\/index.php\/wp-json\/wp\/v2\/pages"}],"about":[{"href":"https:\/\/www.salesandoperationsplanning.dk\/index.php\/wp-json\/wp\/v2\/types\/page"}],"author":[{"embeddable":true,"href":"https:\/\/www.salesandoperationsplanning.dk\/index.php\/wp-json\/wp\/v2\/users\/14"}],"replies":[{"embeddable":true,"href":"https:\/\/www.salesandoperationsplanning.dk\/index.php\/wp-json\/wp\/v2\/comments?post=1044"}],"version-history":[{"count":10,"href":"https:\/\/www.salesandoperationsplanning.dk\/index.php\/wp-json\/wp\/v2\/pages\/1044\/revisions"}],"predecessor-version":[{"id":2141,"href":"https:\/\/www.salesandoperationsplanning.dk\/index.php\/wp-json\/wp\/v2\/pages\/1044\/revisions\/2141"}],"up":[{"embeddable":true,"href":"https:\/\/www.salesandoperationsplanning.dk\/index.php\/wp-json\/wp\/v2\/pages\/330"}],"wp:attachment":[{"href":"https:\/\/www.salesandoperationsplanning.dk\/index.php\/wp-json\/wp\/v2\/media?parent=1044"}],"curies":[{"name":"wp","href":"https:\/\/api.w.org\/{rel}","templated":true}]}}