{"id":1053,"date":"2017-08-24T09:09:50","date_gmt":"2017-08-24T07:09:50","guid":{"rendered":"http:\/\/www.salesandoperationsplanning.dk\/?page_id=1053"},"modified":"2017-11-15T13:26:21","modified_gmt":"2017-11-15T12:26:21","slug":"borg-automotive-2","status":"publish","type":"page","link":"https:\/\/www.salesandoperationsplanning.dk\/index.php\/resultater\/10-implementerings-forlob\/borg-automotive-2\/","title":{"rendered":"BORG AUTOMOTIVE"},"content":{"rendered":"<p><a href=\"http:\/\/www.borgautomotive.com\/dansk\/\" target=\"_blank\" rel=\"noopener\"><img loading=\"lazy\" decoding=\"async\" class=\"alignright wp-image-429 size-full\" src=\"http:\/\/www.salesandoperationsplanning.dk\/wp-content\/uploads\/2017\/05\/Borg-Automotive-e1503556205281.jpg\" alt=\"\" width=\"175\" height=\"175\" \/><\/a>BORG Automotive er en af\u00a0Europas st\u00f8rste, uafh\u00e6ngige genfremstillingsvirksomheder. Med 40 \u00e5rs erfaring\u00a0indenfor\u00a0genfremstilling af\u00a0autodele, er BORG Automotive specialist i salg, produktion og distribution af brugte reservedele.<\/p>\n<p>Genfremstillingsprocessen\u00a0genskaber\u00a0defekte produkter\u00a0til samme standard, som\u00a0de oprindeligt\u00a0blev fremstillet med. Processen, der har en meget lille milj\u00f8p\u00e5virkning, forl\u00e6nger effektivt produktets levetid.<\/p>\n<p>Gennem et omfattende distributionsnetv\u00e6rk af\u00a0grossister, er BORG Automotive repr\u00e6senteret i hele Europa med en st\u00e6rk d\u00e6kning i Central og Vesteuropa.<\/p>\n<p>L\u00e6s mere p\u00e5\u00a0<a href=\"http:\/\/www.borgautomotive.com\/dansk\/\" target=\"_blank\" rel=\"noopener\">borgautomotive.com<\/a><\/p>\n","protected":false},"excerpt":{"rendered":"<p>BORG Automotive er en af\u00a0Europas st\u00f8rste, uafh\u00e6ngige genfremstillingsvirksomheder. Med 40 \u00e5rs erfaring\u00a0indenfor\u00a0genfremstilling af\u00a0autodele, er BORG Automotive specialist i salg, produktion og distribution af brugte reservedele. Genfremstillingsprocessen\u00a0genskaber\u00a0defekte produkter\u00a0til samme standard, som\u00a0de&#8230; <\/p>\n","protected":false},"author":14,"featured_media":0,"parent":330,"menu_order":0,"comment_status":"closed","ping_status":"closed","template":"","meta":{"footnotes":""},"class_list":["post-1053","page","type-page","status-publish","hentry"],"_links":{"self":[{"href":"https:\/\/www.salesandoperationsplanning.dk\/index.php\/wp-json\/wp\/v2\/pages\/1053","targetHints":{"allow":["GET"]}}],"collection":[{"href":"https:\/\/www.salesandoperationsplanning.dk\/index.php\/wp-json\/wp\/v2\/pages"}],"about":[{"href":"https:\/\/www.salesandoperationsplanning.dk\/index.php\/wp-json\/wp\/v2\/types\/page"}],"author":[{"embeddable":true,"href":"https:\/\/www.salesandoperationsplanning.dk\/index.php\/wp-json\/wp\/v2\/users\/14"}],"replies":[{"embeddable":true,"href":"https:\/\/www.salesandoperationsplanning.dk\/index.php\/wp-json\/wp\/v2\/comments?post=1053"}],"version-history":[{"count":10,"href":"https:\/\/www.salesandoperationsplanning.dk\/index.php\/wp-json\/wp\/v2\/pages\/1053\/revisions"}],"predecessor-version":[{"id":2135,"href":"https:\/\/www.salesandoperationsplanning.dk\/index.php\/wp-json\/wp\/v2\/pages\/1053\/revisions\/2135"}],"up":[{"embeddable":true,"href":"https:\/\/www.salesandoperationsplanning.dk\/index.php\/wp-json\/wp\/v2\/pages\/330"}],"wp:attachment":[{"href":"https:\/\/www.salesandoperationsplanning.dk\/index.php\/wp-json\/wp\/v2\/media?parent=1053"}],"curies":[{"name":"wp","href":"https:\/\/api.w.org\/{rel}","templated":true}]}}