{"id":1059,"date":"2017-08-24T09:10:23","date_gmt":"2017-08-24T07:10:23","guid":{"rendered":"http:\/\/www.salesandoperationsplanning.dk\/?page_id=1059"},"modified":"2017-11-15T13:32:43","modified_gmt":"2017-11-15T12:32:43","slug":"qubiqa","status":"publish","type":"page","link":"https:\/\/www.salesandoperationsplanning.dk\/index.php\/resultater\/10-implementerings-forlob\/qubiqa\/","title":{"rendered":"Qubiqa"},"content":{"rendered":"<p><a href=\"http:\/\/www.qubiqa.com\/Qubiqa-EN\/Frontpage\" target=\"_blank\" rel=\"noopener\"><img loading=\"lazy\" decoding=\"async\" class=\"alignright wp-image-1005 size-full\" src=\"http:\/\/www.salesandoperationsplanning.dk\/wp-content\/uploads\/2017\/08\/logo-e1503556028725.png\" alt=\"\" width=\"170\" height=\"100\" \/><\/a><br \/>\nQUBIQA designer, producerer, monterer og installerer\u00a0intelligente logistik\u00a0l\u00f8sninger, tilpasset hver enkelt kundes specifikke behov indenfor isolerings-, plade- og bioenergi sektoren.<\/p>\n<p>Visionen er at hj\u00e6lpe kunder i hele verden med at realisere deres potentiale p\u00e5 den bedst mulige m\u00e5de. Ambitionen er derfor at v\u00e6re innovative og designe effektive l\u00f8sninger af h\u00f8j kvalitet for at v\u00e6re kundernes foretrukne partner, n\u00e5r det g\u00e6lder interne logistik l\u00f8sninger.<\/p>\n<p>QUBIQA er f\u00f8rende indenfor fremstilling af produktions udstyr til h\u00e5ndtering, bearbejdning, pakning og palleteringsudstyr til loftpladeprodukter.<\/p>\n<p>Virksomheden er endvidere ekspert i innovative og fremtidssikrede n\u00f8glef\u00e6rdige l\u00f8sninger til isoleringsindustrien, hvor de d\u00e6kker hele processen, fra ovnudgang til palletering med state-of-the-art teknologi og maskiner bygget til at vare.<\/p>\n<p>QUBIQA er desuden leverand\u00f8r af innovative turn-key logistikl\u00f8sninger til h\u00e5ndtering af presset biomasse til energi- og br\u00e6ndstofproduktion.<\/p>\n<p>Hovedkontoret ligger i Danmark, med salg og r\u00e5dgivning til hele verden fra kontorer i Danmark, USA og Rusland. Produktionen foreg\u00e5r i Danmark og Polen.<\/p>\n<p>L\u00e6s mere p\u00e5\u00a0<a href=\"http:\/\/www.qubiqa.com\/Qubiqa-EN\/Frontpage\" target=\"_blank\" rel=\"noopener\">qubiqa.com<\/a><\/p>\n","protected":false},"excerpt":{"rendered":"<p>QUBIQA designer, producerer, monterer og installerer\u00a0intelligente logistik\u00a0l\u00f8sninger, tilpasset hver enkelt kundes specifikke behov indenfor isolerings-, plade- og bioenergi sektoren. Visionen er at hj\u00e6lpe kunder i hele verden med at realisere&#8230; <\/p>\n","protected":false},"author":14,"featured_media":0,"parent":330,"menu_order":0,"comment_status":"closed","ping_status":"closed","template":"","meta":{"footnotes":""},"class_list":["post-1059","page","type-page","status-publish","hentry"],"_links":{"self":[{"href":"https:\/\/www.salesandoperationsplanning.dk\/index.php\/wp-json\/wp\/v2\/pages\/1059","targetHints":{"allow":["GET"]}}],"collection":[{"href":"https:\/\/www.salesandoperationsplanning.dk\/index.php\/wp-json\/wp\/v2\/pages"}],"about":[{"href":"https:\/\/www.salesandoperationsplanning.dk\/index.php\/wp-json\/wp\/v2\/types\/page"}],"author":[{"embeddable":true,"href":"https:\/\/www.salesandoperationsplanning.dk\/index.php\/wp-json\/wp\/v2\/users\/14"}],"replies":[{"embeddable":true,"href":"https:\/\/www.salesandoperationsplanning.dk\/index.php\/wp-json\/wp\/v2\/comments?post=1059"}],"version-history":[{"count":8,"href":"https:\/\/www.salesandoperationsplanning.dk\/index.php\/wp-json\/wp\/v2\/pages\/1059\/revisions"}],"predecessor-version":[{"id":2156,"href":"https:\/\/www.salesandoperationsplanning.dk\/index.php\/wp-json\/wp\/v2\/pages\/1059\/revisions\/2156"}],"up":[{"embeddable":true,"href":"https:\/\/www.salesandoperationsplanning.dk\/index.php\/wp-json\/wp\/v2\/pages\/330"}],"wp:attachment":[{"href":"https:\/\/www.salesandoperationsplanning.dk\/index.php\/wp-json\/wp\/v2\/media?parent=1059"}],"curies":[{"name":"wp","href":"https:\/\/api.w.org\/{rel}","templated":true}]}}