{"id":108,"date":"2017-03-29T11:09:20","date_gmt":"2017-03-29T09:09:20","guid":{"rendered":"http:\/\/www.salesandoperationsplanning.dk\/?page_id=108"},"modified":"2023-04-11T22:16:32","modified_gmt":"2023-04-11T20:16:32","slug":"vaerktojer","status":"publish","type":"page","link":"https:\/\/www.salesandoperationsplanning.dk\/index.php\/resultater\/vaerktojer\/","title":{"rendered":"V\u00e6rkt\u00f8jer"},"content":{"rendered":"<h1>5 faser og 25 v\u00e6rkt\u00f8jer<\/h1>\n<div class='content-column one_fifth'><a href=\"http:\/\/www.salesandoperationsplanning.dk\/index.php\/resultater\/vaerktojer\/erkendelse\"><img loading=\"lazy\" decoding=\"async\" class=\"img class=&quot;hover&quot; src=&quot;http:\/\/www.salesandoperationsplanning.dk\/wp-content\/uploads\/2019\/03\/LYS-Erkendelse.png&quot; alignnone wp-image-3294 size-medium\" src=\"http:\/\/www.salesandoperationsplanning.dk\/wp-content\/uploads\/2019\/03\/Erkendelse-300x179.png\" alt=\"\" width=\"300\" height=\"179\" srcset=\"https:\/\/www.salesandoperationsplanning.dk\/wp-content\/uploads\/2019\/03\/Erkendelse-300x179.png 300w, https:\/\/www.salesandoperationsplanning.dk\/wp-content\/uploads\/2019\/03\/Erkendelse-768x457.png 768w, https:\/\/www.salesandoperationsplanning.dk\/wp-content\/uploads\/2019\/03\/Erkendelse.png 835w\" sizes=\"auto, (max-width: 300px) 100vw, 300px\" \/><\/a><\/div><div class='content-column one_fifth'><a href=\"http:\/\/www.salesandoperationsplanning.dk\/index.php\/resultater\/vaerktojer\/analyse-og-diagnose\"><img loading=\"lazy\" decoding=\"async\" class=\"alignnone wp-image-3261 size-medium\" src=\"http:\/\/www.salesandoperationsplanning.dk\/wp-content\/uploads\/2019\/03\/Analyse-og-diagnose-300x179.png\" alt=\"\" width=\"300\" height=\"179\" srcset=\"https:\/\/www.salesandoperationsplanning.dk\/wp-content\/uploads\/2019\/03\/Analyse-og-diagnose-300x179.png 300w, https:\/\/www.salesandoperationsplanning.dk\/wp-content\/uploads\/2019\/03\/Analyse-og-diagnose-768x457.png 768w, https:\/\/www.salesandoperationsplanning.dk\/wp-content\/uploads\/2019\/03\/Analyse-og-diagnose.png 835w\" sizes=\"auto, (max-width: 300px) 100vw, 300px\" \/><\/a><\/div><div class='content-column one_fifth'><a href=\"http:\/\/www.salesandoperationsplanning.dk\/index.php\/resultater\/vaerktojer\/definering-af-sogop-proces-2\/\"><img loading=\"lazy\" decoding=\"async\" class=\"alignnone wp-image-3267 size-medium\" src=\"http:\/\/www.salesandoperationsplanning.dk\/wp-content\/uploads\/2019\/03\/Definering-af-SogOP-proces-300x178.png\" alt=\"\" width=\"300\" height=\"178\" srcset=\"https:\/\/www.salesandoperationsplanning.dk\/wp-content\/uploads\/2019\/03\/Definering-af-SogOP-proces-300x178.png 300w, https:\/\/www.salesandoperationsplanning.dk\/wp-content\/uploads\/2019\/03\/Definering-af-SogOP-proces-768x455.png 768w, https:\/\/www.salesandoperationsplanning.dk\/wp-content\/uploads\/2019\/03\/Definering-af-SogOP-proces.png 838w\" sizes=\"auto, (max-width: 300px) 100vw, 300px\" \/><\/a><\/div><div class='content-column one_fifth'><a href=\"http:\/\/www.salesandoperationsplanning.dk\/index.php\/resultater\/vaerktojer\/pilot-2\/\"><img loading=\"lazy\" decoding=\"async\" class=\"alignnone wp-image-3273 size-medium\" src=\"http:\/\/www.salesandoperationsplanning.dk\/wp-content\/uploads\/2019\/03\/Pilot-300x178.png\" alt=\"\" width=\"300\" height=\"178\" srcset=\"https:\/\/www.salesandoperationsplanning.dk\/wp-content\/uploads\/2019\/03\/Pilot-300x178.png 300w, https:\/\/www.salesandoperationsplanning.dk\/wp-content\/uploads\/2019\/03\/Pilot-768x456.png 768w, https:\/\/www.salesandoperationsplanning.dk\/wp-content\/uploads\/2019\/03\/Pilot.png 837w\" sizes=\"auto, (max-width: 300px) 100vw, 300px\" \/><\/a><\/div><div class='content-column one_fifth last_column'><a href=\"http:\/\/www.salesandoperationsplanning.dk\/index.php\/resultater\/vaerktojer\/drift-2\/\"><img loading=\"lazy\" decoding=\"async\" class=\"alignnone wp-image-3279 size-medium\" src=\"http:\/\/www.salesandoperationsplanning.dk\/wp-content\/uploads\/2019\/03\/Drift-300x177.png\" alt=\"\" width=\"300\" height=\"177\" srcset=\"https:\/\/www.salesandoperationsplanning.dk\/wp-content\/uploads\/2019\/03\/Drift-300x177.png 300w, https:\/\/www.salesandoperationsplanning.dk\/wp-content\/uploads\/2019\/03\/Drift-768x452.png 768w, https:\/\/www.salesandoperationsplanning.dk\/wp-content\/uploads\/2019\/03\/Drift.png 841w\" sizes=\"auto, (max-width: 300px) 100vw, 300px\" \/><\/a><\/div><div class='clear_column'><\/div>\n<h5>Klik p\u00e5 en fase for at se de v\u00e6rkt\u00f8jer, der h\u00f8rer til &#8230;<\/h5>\n","protected":false},"excerpt":{"rendered":"<p>5 faser og 25 v\u00e6rkt\u00f8jer Klik p\u00e5 en fase for at se de v\u00e6rkt\u00f8jer, der h\u00f8rer til &#8230;<\/p>\n","protected":false},"author":2,"featured_media":0,"parent":39,"menu_order":0,"comment_status":"closed","ping_status":"closed","template":"","meta":{"footnotes":""},"class_list":["post-108","page","type-page","status-publish","hentry"],"_links":{"self":[{"href":"https:\/\/www.salesandoperationsplanning.dk\/index.php\/wp-json\/wp\/v2\/pages\/108","targetHints":{"allow":["GET"]}}],"collection":[{"href":"https:\/\/www.salesandoperationsplanning.dk\/index.php\/wp-json\/wp\/v2\/pages"}],"about":[{"href":"https:\/\/www.salesandoperationsplanning.dk\/index.php\/wp-json\/wp\/v2\/types\/page"}],"author":[{"embeddable":true,"href":"https:\/\/www.salesandoperationsplanning.dk\/index.php\/wp-json\/wp\/v2\/users\/2"}],"replies":[{"embeddable":true,"href":"https:\/\/www.salesandoperationsplanning.dk\/index.php\/wp-json\/wp\/v2\/comments?post=108"}],"version-history":[{"count":30,"href":"https:\/\/www.salesandoperationsplanning.dk\/index.php\/wp-json\/wp\/v2\/pages\/108\/revisions"}],"predecessor-version":[{"id":4259,"href":"https:\/\/www.salesandoperationsplanning.dk\/index.php\/wp-json\/wp\/v2\/pages\/108\/revisions\/4259"}],"up":[{"embeddable":true,"href":"https:\/\/www.salesandoperationsplanning.dk\/index.php\/wp-json\/wp\/v2\/pages\/39"}],"wp:attachment":[{"href":"https:\/\/www.salesandoperationsplanning.dk\/index.php\/wp-json\/wp\/v2\/media?parent=108"}],"curies":[{"name":"wp","href":"https:\/\/api.w.org\/{rel}","templated":true}]}}