{"id":114,"date":"2017-03-29T11:09:53","date_gmt":"2017-03-29T09:09:53","guid":{"rendered":"http:\/\/www.salesandoperationsplanning.dk\/?page_id=114"},"modified":"2017-12-05T13:25:10","modified_gmt":"2017-12-05T12:25:10","slug":"fase-1","status":"publish","type":"page","link":"https:\/\/www.salesandoperationsplanning.dk\/index.php\/projektets-faser\/fase-1\/","title":{"rendered":"Fase 1"},"content":{"rendered":"<p><span style=\"color: #006e6e;\"><strong>Fasen er gennemf\u00f8rt<\/strong><\/span><\/p>\n<h2>Forberedelse<\/h2>\n<p>Denne indledende fase handler om:<\/p>\n<ul>\n<li>Projektmobilisering<\/li>\n<li>Ans\u00e6ttelse af en postdoc<\/li>\n<li>Gennemgang af litteratur inden for S&amp;OP<\/li>\n<li>Planl\u00e6gning af fase 2<\/li>\n<\/ul>\n","protected":false},"excerpt":{"rendered":"<p>Fasen er gennemf\u00f8rt Forberedelse Denne indledende fase handler om: Projektmobilisering Ans\u00e6ttelse af en postdoc Gennemgang af litteratur inden for S&amp;OP Planl\u00e6gning af fase 2<\/p>\n","protected":false},"author":2,"featured_media":0,"parent":45,"menu_order":0,"comment_status":"closed","ping_status":"closed","template":"","meta":{"footnotes":""},"class_list":["post-114","page","type-page","status-publish","hentry"],"_links":{"self":[{"href":"https:\/\/www.salesandoperationsplanning.dk\/index.php\/wp-json\/wp\/v2\/pages\/114","targetHints":{"allow":["GET"]}}],"collection":[{"href":"https:\/\/www.salesandoperationsplanning.dk\/index.php\/wp-json\/wp\/v2\/pages"}],"about":[{"href":"https:\/\/www.salesandoperationsplanning.dk\/index.php\/wp-json\/wp\/v2\/types\/page"}],"author":[{"embeddable":true,"href":"https:\/\/www.salesandoperationsplanning.dk\/index.php\/wp-json\/wp\/v2\/users\/2"}],"replies":[{"embeddable":true,"href":"https:\/\/www.salesandoperationsplanning.dk\/index.php\/wp-json\/wp\/v2\/comments?post=114"}],"version-history":[{"count":11,"href":"https:\/\/www.salesandoperationsplanning.dk\/index.php\/wp-json\/wp\/v2\/pages\/114\/revisions"}],"predecessor-version":[{"id":2498,"href":"https:\/\/www.salesandoperationsplanning.dk\/index.php\/wp-json\/wp\/v2\/pages\/114\/revisions\/2498"}],"up":[{"embeddable":true,"href":"https:\/\/www.salesandoperationsplanning.dk\/index.php\/wp-json\/wp\/v2\/pages\/45"}],"wp:attachment":[{"href":"https:\/\/www.salesandoperationsplanning.dk\/index.php\/wp-json\/wp\/v2\/media?parent=114"}],"curies":[{"name":"wp","href":"https:\/\/api.w.org\/{rel}","templated":true}]}}