{"id":1299,"date":"2017-09-11T08:11:47","date_gmt":"2017-09-11T06:11:47","guid":{"rendered":"http:\/\/www.salesandoperationsplanning.dk\/?page_id=1299"},"modified":"2017-11-16T17:10:14","modified_gmt":"2017-11-16T16:10:14","slug":"4improve","status":"publish","type":"page","link":"https:\/\/www.salesandoperationsplanning.dk\/index.php\/resultater\/resultater-2\/4improve\/","title":{"rendered":"4IMPROVE"},"content":{"rendered":"<p><a href=\"http:\/\/4improve.dk\/\" target=\"_blank\" rel=\"noopener\"><img loading=\"lazy\" decoding=\"async\" class=\"alignright wp-image-1326 size-full\" src=\"http:\/\/www.salesandoperationsplanning.dk\/wp-content\/uploads\/2017\/03\/4Improve-e1505115274638.jpg\" alt=\"\" width=\"175\" height=\"98\" \/><\/a>4IMPROVE Consulting Group hj\u00e6lper virksomheder, ledere og medarbejdere med at frig\u00f8re indsigt og opfylde deres potentiale. Virksomheden leverer \u00e6rlig, upartisk r\u00e5dgivning, udfordrer etableret t\u00e6nkning og driver transformationer.<\/p>\n<p>4IMPROVE Consulting Group samarbejder med deres klienter for at opbygge kapaciteter, der g\u00f8r det muligt for organisationer at opn\u00e5 b\u00e6redygtige resultater. Ved hj\u00e6lp af et st\u00e6rkt engagement forankret i et s\u00e6t klare v\u00e6rdier \u00f8nsker 4IMPROVE Consulting Group at v\u00e6re en betroet forretningspartner \u2013 og et givende og inspirerende sted at arbejde.<\/p>\n<ol>\n<li><a href=\"https:\/\/www.youtube.com\/embed\/OHuGEYNxEXQ\" target=\"_blank\" rel=\"noopener\">S&amp;OP konceptet overordnet<\/a><\/li>\n<li><a href=\"https:\/\/www.youtube.com\/embed\/Vnl7h7GuJ2o\" target=\"_blank\" rel=\"noopener\">Koordination af v\u00e6rdik\u00e6de<\/a><\/li>\n<li><a href=\"https:\/\/www.youtube.com\/embed\/6g4ktNWfK9U\" target=\"_blank\" rel=\"noopener\">L\u00f8bende kriseh\u00e5ndtering<\/a><\/li>\n<li><a href=\"https:\/\/www.youtube.com\/embed\/lzJhwOSFALA\" target=\"_blank\" rel=\"noopener\">Udnyttelse af teknologi<\/a><\/li>\n<\/ol>\n<h2>G\u00e5-hjem-m\u00f8de 14. november 2017<\/h2>\n<p>4IMPROVE var v\u00e6rt ved g\u00e5-hjem-m\u00f8det i S&amp;OP projektet tirsdag den 14. november 2017.<br \/>\n<a href=\"http:\/\/www.salesandoperationsplanning.dk\/index.php\/projektets-faser\/fase-2\/gaa-hjem-moede-14-november-2017\/\">Find materialer fra g\u00e5-hjem-m\u00f8det og de fire opl\u00e6gsholdere her<\/a> &#8230;<\/p>\n","protected":false},"excerpt":{"rendered":"<p>4IMPROVE Consulting Group hj\u00e6lper virksomheder, ledere og medarbejdere med at frig\u00f8re indsigt og opfylde deres potentiale. Virksomheden leverer \u00e6rlig, upartisk r\u00e5dgivning, udfordrer etableret t\u00e6nkning og driver transformationer. 4IMPROVE Consulting Group&#8230; <\/p>\n","protected":false},"author":14,"featured_media":0,"parent":102,"menu_order":0,"comment_status":"closed","ping_status":"closed","template":"","meta":{"footnotes":""},"class_list":["post-1299","page","type-page","status-publish","hentry"],"_links":{"self":[{"href":"https:\/\/www.salesandoperationsplanning.dk\/index.php\/wp-json\/wp\/v2\/pages\/1299","targetHints":{"allow":["GET"]}}],"collection":[{"href":"https:\/\/www.salesandoperationsplanning.dk\/index.php\/wp-json\/wp\/v2\/pages"}],"about":[{"href":"https:\/\/www.salesandoperationsplanning.dk\/index.php\/wp-json\/wp\/v2\/types\/page"}],"author":[{"embeddable":true,"href":"https:\/\/www.salesandoperationsplanning.dk\/index.php\/wp-json\/wp\/v2\/users\/14"}],"replies":[{"embeddable":true,"href":"https:\/\/www.salesandoperationsplanning.dk\/index.php\/wp-json\/wp\/v2\/comments?post=1299"}],"version-history":[{"count":18,"href":"https:\/\/www.salesandoperationsplanning.dk\/index.php\/wp-json\/wp\/v2\/pages\/1299\/revisions"}],"predecessor-version":[{"id":2345,"href":"https:\/\/www.salesandoperationsplanning.dk\/index.php\/wp-json\/wp\/v2\/pages\/1299\/revisions\/2345"}],"up":[{"embeddable":true,"href":"https:\/\/www.salesandoperationsplanning.dk\/index.php\/wp-json\/wp\/v2\/pages\/102"}],"wp:attachment":[{"href":"https:\/\/www.salesandoperationsplanning.dk\/index.php\/wp-json\/wp\/v2\/media?parent=1299"}],"curies":[{"name":"wp","href":"https:\/\/api.w.org\/{rel}","templated":true}]}}