{"id":138,"date":"2017-03-29T11:12:45","date_gmt":"2017-03-29T09:12:45","guid":{"rendered":"http:\/\/www.salesandoperationsplanning.dk\/?page_id=138"},"modified":"2017-11-15T14:09:47","modified_gmt":"2017-11-15T13:09:47","slug":"fase-5","status":"publish","type":"page","link":"https:\/\/www.salesandoperationsplanning.dk\/index.php\/projektets-faser\/fase-5\/","title":{"rendered":"Fase 5"},"content":{"rendered":"<h2>Sammenfatning og videnspredning<\/h2>\n<p>Denne afsluttende fase best\u00e5r i afholdelse af to halvdagskonferencer, hvor projektets samlede resultater formidles.<\/p>\n<p>Videomateriale om hele forl\u00f8bet offentligg\u00f8res sammen med et antal praksisrettede artikler og udviklede v\u00e6rkt\u00f8jsh\u00e6fter.<\/p>\n<p>Efterf\u00f8lgende anvendes data fra studierne til formidling af resultaterne i internationale videnskabelige tidsskrifter.<\/p>\n<p>Dansk Industri, Dansk Indk\u00f8bs- og Logistik Forum, Business Danmark og erhvervskonsulenter vil hj\u00e6lpe til med formidling af projektets resultater.<\/p>\n","protected":false},"excerpt":{"rendered":"<p>Sammenfatning og videnspredning Denne afsluttende fase best\u00e5r i afholdelse af to halvdagskonferencer, hvor projektets samlede resultater formidles. Videomateriale om hele forl\u00f8bet offentligg\u00f8res sammen med et antal praksisrettede artikler og udviklede&#8230; <\/p>\n","protected":false},"author":2,"featured_media":0,"parent":45,"menu_order":0,"comment_status":"closed","ping_status":"closed","template":"","meta":{"footnotes":""},"class_list":["post-138","page","type-page","status-publish","hentry"],"_links":{"self":[{"href":"https:\/\/www.salesandoperationsplanning.dk\/index.php\/wp-json\/wp\/v2\/pages\/138","targetHints":{"allow":["GET"]}}],"collection":[{"href":"https:\/\/www.salesandoperationsplanning.dk\/index.php\/wp-json\/wp\/v2\/pages"}],"about":[{"href":"https:\/\/www.salesandoperationsplanning.dk\/index.php\/wp-json\/wp\/v2\/types\/page"}],"author":[{"embeddable":true,"href":"https:\/\/www.salesandoperationsplanning.dk\/index.php\/wp-json\/wp\/v2\/users\/2"}],"replies":[{"embeddable":true,"href":"https:\/\/www.salesandoperationsplanning.dk\/index.php\/wp-json\/wp\/v2\/comments?post=138"}],"version-history":[{"count":3,"href":"https:\/\/www.salesandoperationsplanning.dk\/index.php\/wp-json\/wp\/v2\/pages\/138\/revisions"}],"predecessor-version":[{"id":2222,"href":"https:\/\/www.salesandoperationsplanning.dk\/index.php\/wp-json\/wp\/v2\/pages\/138\/revisions\/2222"}],"up":[{"embeddable":true,"href":"https:\/\/www.salesandoperationsplanning.dk\/index.php\/wp-json\/wp\/v2\/pages\/45"}],"wp:attachment":[{"href":"https:\/\/www.salesandoperationsplanning.dk\/index.php\/wp-json\/wp\/v2\/media?parent=138"}],"curies":[{"name":"wp","href":"https:\/\/api.w.org\/{rel}","templated":true}]}}