{"id":1701,"date":"2017-10-02T09:06:59","date_gmt":"2017-10-02T07:06:59","guid":{"rendered":"http:\/\/www.salesandoperationsplanning.dk\/?page_id=1701"},"modified":"2017-12-21T12:24:40","modified_gmt":"2017-12-21T11:24:40","slug":"implement","status":"publish","type":"page","link":"https:\/\/www.salesandoperationsplanning.dk\/index.php\/resultater\/resultater-2\/implement\/","title":{"rendered":"Implement Consulting Group"},"content":{"rendered":"<p><a href=\"http:\/\/implementconsultinggroup.com\/\" target=\"_blank\" rel=\"noopener\"><img loading=\"lazy\" decoding=\"async\" class=\"alignright wp-image-2501 size-medium\" src=\"http:\/\/www.salesandoperationsplanning.dk\/wp-content\/uploads\/2017\/12\/Implement-300x102.png\" alt=\"\" width=\"300\" height=\"102\" srcset=\"https:\/\/www.salesandoperationsplanning.dk\/wp-content\/uploads\/2017\/12\/Implement-300x102.png 300w, https:\/\/www.salesandoperationsplanning.dk\/wp-content\/uploads\/2017\/12\/Implement.png 335w\" sizes=\"auto, (max-width: 300px) 100vw, 300px\" \/><\/a>Implement Consulting Group er en skandinavisk baseret konsulentvirksomhed inden for ledelsesr\u00e5dgivning &#8211; med global r\u00e6kkevidde. Med mere end 500 konsulenter om bord tilbyder de detaljeret markedskendskab om hvert af de nordiske lande og specialkompetencer inden for en bred vifte af discipliner.<\/p>\n<p>Implement Consulting Group kombinerer analytisk t\u00e6nkning og intuitiv forst\u00e5else. De afbalancerer hardcore-teori med f\u00f8lsomhed over for mennesker og organisationsdynamik, og de involverer de mennesker, der er involveret i forandring. I n\u00e6sten 20 \u00e5r har de anvendt denne tilgang til tusindvis af projekter i offentlige og private organisationer over hele verden.<\/p>\n<p>Du kan l\u00e6se mere om Implement Consulting Group p\u00e5:\u00a0<a href=\"http:\/\/implementconsultinggroup.com\/\" target=\"_blank\" rel=\"noopener\"><strong>implementconsultinggroup.com<\/strong><\/a><\/p>\n<p>Interview med Einar Scholte fra\u00a0Implement Consulting Group omkring<a href=\"https:\/\/www.youtube.com\/embed\/mLgn7xeW0Kk\" target=\"_blank\" rel=\"noopener\">\u00a0<strong>Sales and Operations Planning &#8211; S&amp;OP &#8211; hvad\u00a0giver det os?<\/strong><\/a><\/p>\n<h2>G\u00e5-hjem-m\u00f8de 30. november 2017<\/h2>\n<p>Implement Consulting Group var v\u00e6rt ved g\u00e5-hjem-m\u00f8det i S&amp;OP projektet torsdag den 30. november 2017.<br \/>\n<a href=\"http:\/\/www.salesandoperationsplanning.dk\/index.php\/gaa-hjem-moede-30-november-2017\/\">Find materialer fra g\u00e5-hjem-m\u00f8det og opl\u00e6gsholderne her<\/a> \u2026<\/p>\n","protected":false},"excerpt":{"rendered":"<p>Implement Consulting Group er en skandinavisk baseret konsulentvirksomhed inden for ledelsesr\u00e5dgivning &#8211; med global r\u00e6kkevidde. Med mere end 500 konsulenter om bord tilbyder de detaljeret markedskendskab om hvert af de&#8230; <\/p>\n","protected":false},"author":14,"featured_media":0,"parent":102,"menu_order":0,"comment_status":"closed","ping_status":"closed","template":"","meta":{"footnotes":""},"class_list":["post-1701","page","type-page","status-publish","hentry"],"_links":{"self":[{"href":"https:\/\/www.salesandoperationsplanning.dk\/index.php\/wp-json\/wp\/v2\/pages\/1701","targetHints":{"allow":["GET"]}}],"collection":[{"href":"https:\/\/www.salesandoperationsplanning.dk\/index.php\/wp-json\/wp\/v2\/pages"}],"about":[{"href":"https:\/\/www.salesandoperationsplanning.dk\/index.php\/wp-json\/wp\/v2\/types\/page"}],"author":[{"embeddable":true,"href":"https:\/\/www.salesandoperationsplanning.dk\/index.php\/wp-json\/wp\/v2\/users\/14"}],"replies":[{"embeddable":true,"href":"https:\/\/www.salesandoperationsplanning.dk\/index.php\/wp-json\/wp\/v2\/comments?post=1701"}],"version-history":[{"count":28,"href":"https:\/\/www.salesandoperationsplanning.dk\/index.php\/wp-json\/wp\/v2\/pages\/1701\/revisions"}],"predecessor-version":[{"id":2762,"href":"https:\/\/www.salesandoperationsplanning.dk\/index.php\/wp-json\/wp\/v2\/pages\/1701\/revisions\/2762"}],"up":[{"embeddable":true,"href":"https:\/\/www.salesandoperationsplanning.dk\/index.php\/wp-json\/wp\/v2\/pages\/102"}],"wp:attachment":[{"href":"https:\/\/www.salesandoperationsplanning.dk\/index.php\/wp-json\/wp\/v2\/media?parent=1701"}],"curies":[{"name":"wp","href":"https:\/\/api.w.org\/{rel}","templated":true}]}}