{"id":1815,"date":"2017-10-11T08:51:28","date_gmt":"2017-10-11T06:51:28","guid":{"rendered":"http:\/\/www.salesandoperationsplanning.dk\/?page_id=1815"},"modified":"2017-11-14T13:55:48","modified_gmt":"2017-11-14T12:55:48","slug":"mercuri-urval-2","status":"publish","type":"page","link":"https:\/\/www.salesandoperationsplanning.dk\/index.php\/resultater\/resultater-2\/mercuri-urval-2\/","title":{"rendered":"Mercuri Urval"},"content":{"rendered":"<p><a href=\"https:\/\/www.mercuriurval.com\/da-dk\/institute\/\" target=\"_blank\" rel=\"noopener\"><img loading=\"lazy\" decoding=\"async\" class=\"alignright wp-image-1818 size-medium\" src=\"http:\/\/www.salesandoperationsplanning.dk\/wp-content\/uploads\/2017\/10\/Mercuri-logo-full-300x39.png\" alt=\"\" width=\"300\" height=\"39\" srcset=\"https:\/\/www.salesandoperationsplanning.dk\/wp-content\/uploads\/2017\/10\/Mercuri-logo-full-300x39.png 300w, https:\/\/www.salesandoperationsplanning.dk\/wp-content\/uploads\/2017\/10\/Mercuri-logo-full.png 558w\" sizes=\"auto, (max-width: 300px) 100vw, 300px\" \/><\/a>Mercuri Urval har 50 \u00e5rs erfaring med at finde og udvikle ekstraordin\u00e6re mennesker. De deler med stolthed deres ekspertise og store indsigt i, hvordan du og din organisation kan opn\u00e5 ekstraordin\u00e6re resultater.<\/p>\n<p>For Mercuri Urval er det at dele interessante ideer og viden om, hvordan man takler hverdagens\u00a0udfordringer\u00a0altid vigtig for succes &#8211; uanset hvilken organisation man arbejder i.\u00a0 De indhender derfor l\u00f8bende ekspertviden fra meningsdannere, internationale konsulentfirmaer, de bedste business schools og deres egne konsulenter rundt om i vernde for at bringe artikler og formidle ekspertviden til inspiration for b\u00e5de jobs\u00f8gende og organisationer.<\/p>\n<p>S\u00f8ren Eckhardt &#8211; Sales and Operations Planning (S&amp;OP): <a href=\"https:\/\/www.youtube.com\/embed\/_ya73jsmyc4\" target=\"_blank\" rel=\"noopener\"><strong>Hvad betyder mennesker i processen?<\/strong><\/a><\/p>\n","protected":false},"excerpt":{"rendered":"<p>Mercuri Urval har 50 \u00e5rs erfaring med at finde og udvikle ekstraordin\u00e6re mennesker. De deler med stolthed deres ekspertise og store indsigt i, hvordan du og din organisation kan opn\u00e5&#8230; <\/p>\n","protected":false},"author":14,"featured_media":0,"parent":102,"menu_order":0,"comment_status":"closed","ping_status":"closed","template":"","meta":{"footnotes":""},"class_list":["post-1815","page","type-page","status-publish","hentry"],"_links":{"self":[{"href":"https:\/\/www.salesandoperationsplanning.dk\/index.php\/wp-json\/wp\/v2\/pages\/1815","targetHints":{"allow":["GET"]}}],"collection":[{"href":"https:\/\/www.salesandoperationsplanning.dk\/index.php\/wp-json\/wp\/v2\/pages"}],"about":[{"href":"https:\/\/www.salesandoperationsplanning.dk\/index.php\/wp-json\/wp\/v2\/types\/page"}],"author":[{"embeddable":true,"href":"https:\/\/www.salesandoperationsplanning.dk\/index.php\/wp-json\/wp\/v2\/users\/14"}],"replies":[{"embeddable":true,"href":"https:\/\/www.salesandoperationsplanning.dk\/index.php\/wp-json\/wp\/v2\/comments?post=1815"}],"version-history":[{"count":7,"href":"https:\/\/www.salesandoperationsplanning.dk\/index.php\/wp-json\/wp\/v2\/pages\/1815\/revisions"}],"predecessor-version":[{"id":2084,"href":"https:\/\/www.salesandoperationsplanning.dk\/index.php\/wp-json\/wp\/v2\/pages\/1815\/revisions\/2084"}],"up":[{"embeddable":true,"href":"https:\/\/www.salesandoperationsplanning.dk\/index.php\/wp-json\/wp\/v2\/pages\/102"}],"wp:attachment":[{"href":"https:\/\/www.salesandoperationsplanning.dk\/index.php\/wp-json\/wp\/v2\/media?parent=1815"}],"curies":[{"name":"wp","href":"https:\/\/api.w.org\/{rel}","templated":true}]}}