{"id":1958,"date":"2017-11-01T13:27:08","date_gmt":"2017-11-01T12:27:08","guid":{"rendered":"http:\/\/www.salesandoperationsplanning.dk\/?page_id=1958"},"modified":"2017-11-15T13:36:41","modified_gmt":"2017-11-15T12:36:41","slug":"sport-24-business","status":"publish","type":"page","link":"https:\/\/www.salesandoperationsplanning.dk\/index.php\/resultater\/10-implementerings-forlob\/sport-24-business\/","title":{"rendered":"SPORT 24 BUSINESS"},"content":{"rendered":"<p><a href=\"http:\/\/www.sport24business.dk\/\" target=\"_blank\" rel=\"noopener\"><img loading=\"lazy\" decoding=\"async\" class=\"alignright wp-image-1955 size-full\" src=\"http:\/\/www.salesandoperationsplanning.dk\/wp-content\/uploads\/2017\/11\/Sport-24-1-e1509537742829.png\" alt=\"\" width=\"175\" height=\"70\" \/><\/a>S\u00e6t dit personlige pr\u00e6g med markedets bedste og nyeste produkter inden for profil-bekl\u00e6dning, sport- og fritidsvarer, promotionartikler og gaveartikler til fordelagtige priser.<\/p>\n<p>Virksomhedens visuelle identitet er jeres ansigt udadtil &#8211; og det som I bliver bed\u00f8mt p\u00e5. SPORT 24 kan hj\u00e6lpe med at eksponere jeres brand med et tydeligt tryk, unikt broderi, lasergravering p\u00e5 gaveartikler eller noget helt fjerde.<\/p>\n<p>Med SPORT 24 BUSINESS f\u00e5r du direkte adgang til markedets bedste og nyeste produkter inden for profilbekl\u00e6dning, sport og promotionartikler til fordelagtige priser. Deres samarbejde med de f\u00f8rende m\u00e6rkevareproducenter sikrer dig de mest eftertragtede varer og priser.<\/p>\n<p>L\u00e6s mere p\u00e5\u00a0<a href=\"http:\/\/www.sport24business.dk\/\" target=\"_blank\" rel=\"noopener\">sport24business.dk<\/a><\/p>\n","protected":false},"excerpt":{"rendered":"<p>S\u00e6t dit personlige pr\u00e6g med markedets bedste og nyeste produkter inden for profil-bekl\u00e6dning, sport- og fritidsvarer, promotionartikler og gaveartikler til fordelagtige priser. Virksomhedens visuelle identitet er jeres ansigt udadtil &#8211;&#8230; <\/p>\n","protected":false},"author":14,"featured_media":0,"parent":330,"menu_order":0,"comment_status":"closed","ping_status":"closed","template":"","meta":{"footnotes":""},"class_list":["post-1958","page","type-page","status-publish","hentry"],"_links":{"self":[{"href":"https:\/\/www.salesandoperationsplanning.dk\/index.php\/wp-json\/wp\/v2\/pages\/1958","targetHints":{"allow":["GET"]}}],"collection":[{"href":"https:\/\/www.salesandoperationsplanning.dk\/index.php\/wp-json\/wp\/v2\/pages"}],"about":[{"href":"https:\/\/www.salesandoperationsplanning.dk\/index.php\/wp-json\/wp\/v2\/types\/page"}],"author":[{"embeddable":true,"href":"https:\/\/www.salesandoperationsplanning.dk\/index.php\/wp-json\/wp\/v2\/users\/14"}],"replies":[{"embeddable":true,"href":"https:\/\/www.salesandoperationsplanning.dk\/index.php\/wp-json\/wp\/v2\/comments?post=1958"}],"version-history":[{"count":9,"href":"https:\/\/www.salesandoperationsplanning.dk\/index.php\/wp-json\/wp\/v2\/pages\/1958\/revisions"}],"predecessor-version":[{"id":2171,"href":"https:\/\/www.salesandoperationsplanning.dk\/index.php\/wp-json\/wp\/v2\/pages\/1958\/revisions\/2171"}],"up":[{"embeddable":true,"href":"https:\/\/www.salesandoperationsplanning.dk\/index.php\/wp-json\/wp\/v2\/pages\/330"}],"wp:attachment":[{"href":"https:\/\/www.salesandoperationsplanning.dk\/index.php\/wp-json\/wp\/v2\/media?parent=1958"}],"curies":[{"name":"wp","href":"https:\/\/api.w.org\/{rel}","templated":true}]}}