{"id":2663,"date":"2017-12-15T08:43:33","date_gmt":"2017-12-15T07:43:33","guid":{"rendered":"http:\/\/www.salesandoperationsplanning.dk\/?page_id=2663"},"modified":"2017-12-15T09:13:12","modified_gmt":"2017-12-15T08:13:12","slug":"nissens-automotive","status":"publish","type":"page","link":"https:\/\/www.salesandoperationsplanning.dk\/index.php\/resultater\/10-implementerings-forlob\/nissens-automotive\/","title":{"rendered":"Nissens Automotive"},"content":{"rendered":"<p><a href=\"https:\/\/nissens.com\/da-dk\/frontpage.aspx\" target=\"_blank\" rel=\"noopener\"><img loading=\"lazy\" decoding=\"async\" class=\"alignright wp-image-2678\" src=\"http:\/\/www.salesandoperationsplanning.dk\/wp-content\/uploads\/2017\/12\/Nissens-300x166.jpg\" alt=\"\" width=\"200\" height=\"111\" srcset=\"https:\/\/www.salesandoperationsplanning.dk\/wp-content\/uploads\/2017\/12\/Nissens-300x166.jpg 300w, https:\/\/www.salesandoperationsplanning.dk\/wp-content\/uploads\/2017\/12\/Nissens.jpg 301w\" sizes=\"auto, (max-width: 200px) 100vw, 200px\" \/><\/a>I de seneste \u00e5r, har Nissens investeret en betydelig m\u00e6ngde ressourcer i forskning og udvikling af systemkomponenter til klima- og motork\u00f8lingssystemet til k\u00f8ret\u00f8jer.<\/p>\n<p>Mange \u00e5rs knowhow om termiske systemer og erfaring med produktion betyder, at de er i stand til at opfylde det voksende markeds behov for et omfattende sortiment af kvalitetsreservedele. Samtidig er Nissens kendt som markedets foretrukne vidensdelere, n\u00e5r det g\u00e6lder teknisk indsigt og uddannelse.<\/p>\n<p>Som en af markedets f\u00f8rende producenter af de v\u00e6sentligste systemkomponenter til termiske l\u00f8sninger, tilbyder Nissens et omfattende produktsortiment, der d\u00e6kker op til 97% af bilparkerne.<\/p>\n<p>Nissens d\u00e6kker alt fra standardvarer til de mere eksotiske dele, til de europ\u00e6iske, asiatiske og amerikanske bilm\u00e6rker.<\/p>\n<p>L\u00e6s mere p\u00e5 <a href=\"https:\/\/nissens.com\/en-gb\/frontpage.aspx\" target=\"_blank\" rel=\"noopener\">nissens.com<\/a><\/p>\n","protected":false},"excerpt":{"rendered":"<p>I de seneste \u00e5r, har Nissens investeret en betydelig m\u00e6ngde ressourcer i forskning og udvikling af systemkomponenter til klima- og motork\u00f8lingssystemet til k\u00f8ret\u00f8jer. Mange \u00e5rs knowhow om termiske systemer og&#8230; <\/p>\n","protected":false},"author":14,"featured_media":0,"parent":330,"menu_order":0,"comment_status":"closed","ping_status":"closed","template":"","meta":{"footnotes":""},"class_list":["post-2663","page","type-page","status-publish","hentry"],"_links":{"self":[{"href":"https:\/\/www.salesandoperationsplanning.dk\/index.php\/wp-json\/wp\/v2\/pages\/2663","targetHints":{"allow":["GET"]}}],"collection":[{"href":"https:\/\/www.salesandoperationsplanning.dk\/index.php\/wp-json\/wp\/v2\/pages"}],"about":[{"href":"https:\/\/www.salesandoperationsplanning.dk\/index.php\/wp-json\/wp\/v2\/types\/page"}],"author":[{"embeddable":true,"href":"https:\/\/www.salesandoperationsplanning.dk\/index.php\/wp-json\/wp\/v2\/users\/14"}],"replies":[{"embeddable":true,"href":"https:\/\/www.salesandoperationsplanning.dk\/index.php\/wp-json\/wp\/v2\/comments?post=2663"}],"version-history":[{"count":5,"href":"https:\/\/www.salesandoperationsplanning.dk\/index.php\/wp-json\/wp\/v2\/pages\/2663\/revisions"}],"predecessor-version":[{"id":2684,"href":"https:\/\/www.salesandoperationsplanning.dk\/index.php\/wp-json\/wp\/v2\/pages\/2663\/revisions\/2684"}],"up":[{"embeddable":true,"href":"https:\/\/www.salesandoperationsplanning.dk\/index.php\/wp-json\/wp\/v2\/pages\/330"}],"wp:attachment":[{"href":"https:\/\/www.salesandoperationsplanning.dk\/index.php\/wp-json\/wp\/v2\/media?parent=2663"}],"curies":[{"name":"wp","href":"https:\/\/api.w.org\/{rel}","templated":true}]}}