{"id":2708,"date":"2017-12-21T11:23:58","date_gmt":"2017-12-21T10:23:58","guid":{"rendered":"http:\/\/www.salesandoperationsplanning.dk\/?page_id=2708"},"modified":"2018-06-13T13:35:32","modified_gmt":"2018-06-13T11:35:32","slug":"gaa-hjem-moede-30-november-2017","status":"publish","type":"page","link":"https:\/\/www.salesandoperationsplanning.dk\/index.php\/gaa-hjem-moede-30-november-2017\/","title":{"rendered":"G\u00e5-hjem-m\u00f8de 30. november 2017"},"content":{"rendered":"<p>Herunder finder du materiale fra G\u00e5-hjem-m\u00f8det den 30. november 2017.<\/p>\n<p>Der skal rettes en stor tak til <a href=\"http:\/\/www.salesandoperationsplanning.dk\/index.php\/resultater\/resultater-2\/implement\/\">Implement Consulting Group<\/a> for v\u00e6rtskabet af arrangementet. Ogs\u00e5 stor tak til Per Rud,\u00a0Anders Frandsen,\u00a0Mathias Maegaard Mikalsen, Snurre Jensen og S\u00f8ren Eckhardt for inspirerende opl\u00e6g.<\/p>\n<h2>Plancher<\/h2>\n<ul>\n<li><strong><a href=\"http:\/\/www.salesandoperationsplanning.dk\/wp-content\/uploads\/2017\/12\/1-SOP-30.11.17.pdf\" rel=\"noopener\">Velkomst og program<\/a><\/strong><br \/>\nv\/Einar Scholte, Implement Consulting Group<\/li>\n<\/ul>\n<ul>\n<li><strong><a href=\"http:\/\/www.salesandoperationsplanning.dk\/wp-content\/uploads\/2017\/12\/2-SOP-pr\u00e6sentation-30-november-Jan.pdf\" rel=\"noopener\">S&amp;OP-projektet (form\u00e5l, delresultater og projektplan)<\/a><\/strong><br \/>\nv\/Professor Jan Stentoft, Syddansk Universitet<\/li>\n<\/ul>\n<ul>\n<li><a href=\"http:\/\/www.salesandoperationsplanning.dk\/wp-content\/uploads\/2017\/12\/3-SOP_Implement_Per-Rud_final.pdf\" rel=\"noopener\"><strong>Derfor er S&amp;OP forretningskritisk \u2013 S&amp;OP hos MAN Diesel &amp; Turbo<\/strong><\/a><br \/>\nv\/Senior Vice President Per Rud, MAN Diesel &amp; Turbo<\/li>\n<\/ul>\n<ul>\n<li><a href=\"http:\/\/www.salesandoperationsplanning.dk\/wp-content\/uploads\/2017\/12\/4-SOP-I-PANDORA-Implement-dag.pdf\" rel=\"noopener\"><strong>Hvordan ser den gode proces ud \u2013 S&amp;OP hos Pandora<\/strong><\/a><br \/>\nv\/S&amp;OP Director Anders Frandsen, Pandora<\/li>\n<\/ul>\n<ul>\n<li><a href=\"http:\/\/www.salesandoperationsplanning.dk\/wp-content\/uploads\/2017\/12\/5-ICG-SOP-conference-prints_samlet_A1.pdf\" rel=\"noopener\"><strong>Next-generation forecast<\/strong><\/a><br \/>\nv\/Mathias Maegaard Mikalsen og Snurre Jensen, Implement Consulting Group<\/li>\n<\/ul>\n<ul>\n<li><strong><a href=\"http:\/\/www.salesandoperationsplanning.dk\/wp-content\/uploads\/2017\/12\/6-Mercuri-Urval.pdf\" rel=\"noopener\">N\u00e5r personligheden i S&amp;OP-processen g\u00f8r en forskel<\/a><\/strong><br \/>\nv\/Chefkonsulent Lars S\u00f8rensen, Mercuri Urval<\/li>\n<\/ul>\n","protected":false},"excerpt":{"rendered":"<p>Herunder finder du materiale fra G\u00e5-hjem-m\u00f8det den 30. november 2017. Der skal rettes en stor tak til Implement Consulting Group for v\u00e6rtskabet af arrangementet. Ogs\u00e5 stor tak til Per Rud,\u00a0Anders&#8230; <\/p>\n","protected":false},"author":14,"featured_media":0,"parent":0,"menu_order":0,"comment_status":"closed","ping_status":"closed","template":"","meta":{"footnotes":""},"class_list":["post-2708","page","type-page","status-publish","hentry"],"_links":{"self":[{"href":"https:\/\/www.salesandoperationsplanning.dk\/index.php\/wp-json\/wp\/v2\/pages\/2708","targetHints":{"allow":["GET"]}}],"collection":[{"href":"https:\/\/www.salesandoperationsplanning.dk\/index.php\/wp-json\/wp\/v2\/pages"}],"about":[{"href":"https:\/\/www.salesandoperationsplanning.dk\/index.php\/wp-json\/wp\/v2\/types\/page"}],"author":[{"embeddable":true,"href":"https:\/\/www.salesandoperationsplanning.dk\/index.php\/wp-json\/wp\/v2\/users\/14"}],"replies":[{"embeddable":true,"href":"https:\/\/www.salesandoperationsplanning.dk\/index.php\/wp-json\/wp\/v2\/comments?post=2708"}],"version-history":[{"count":10,"href":"https:\/\/www.salesandoperationsplanning.dk\/index.php\/wp-json\/wp\/v2\/pages\/2708\/revisions"}],"predecessor-version":[{"id":3020,"href":"https:\/\/www.salesandoperationsplanning.dk\/index.php\/wp-json\/wp\/v2\/pages\/2708\/revisions\/3020"}],"wp:attachment":[{"href":"https:\/\/www.salesandoperationsplanning.dk\/index.php\/wp-json\/wp\/v2\/media?parent=2708"}],"curies":[{"name":"wp","href":"https:\/\/api.w.org\/{rel}","templated":true}]}}