{"id":2873,"date":"2018-03-20T13:08:38","date_gmt":"2018-03-20T12:08:38","guid":{"rendered":"http:\/\/www.salesandoperationsplanning.dk\/?page_id=2873"},"modified":"2018-12-10T15:45:08","modified_gmt":"2018-12-10T14:45:08","slug":"arrangementer","status":"publish","type":"page","link":"https:\/\/www.salesandoperationsplanning.dk\/index.php\/arrangementer\/","title":{"rendered":"Arrangementer"},"content":{"rendered":"<h2>Arrangementer i Sales &amp; Operations Planning projektet<\/h2>\n<h6><span style=\"color: #ffffff;\">.<\/span><\/h6>\n<h4>&gt;&gt; <a href=\"http:\/\/www.salesandoperationsplanning.dk\/index.php\/gaa-hjem-moede-27-marts-2019\/\" rel=\"noopener\">G\u00e5-hjem-m\u00f8de 27. marts 2019<\/a><\/h4>\n<h4>&gt;&gt; <a href=\"http:\/\/www.salesandoperationsplanning.dk\/index.php\/gaa-hjem-moede-6-juni-2018\/\" rel=\"noopener\">G\u00e5-hjem-m\u00f8de 6. juni 2018<\/a><\/h4>\n<h4>&gt;&gt; <a href=\"http:\/\/www.salesandoperationsplanning.dk\/index.php\/gaa-hjem-moede-30-november-2017\/\" rel=\"noopener\">G\u00e5-hjem-m\u00f8de 30. november 2017<\/a><\/h4>\n<h4>&gt;&gt; <a href=\"http:\/\/www.salesandoperationsplanning.dk\/index.php\/projektets-faser\/fase-2\/gaa-hjem-moede-14-november-2017\/\">G\u00e5-hjem-m\u00f8de 14. november 2017<\/a><\/h4>\n","protected":false},"excerpt":{"rendered":"<p>Arrangementer i Sales &amp; Operations Planning projektet . &gt;&gt; G\u00e5-hjem-m\u00f8de 27. marts 2019 &gt;&gt; G\u00e5-hjem-m\u00f8de 6. juni 2018 &gt;&gt; G\u00e5-hjem-m\u00f8de 30. november 2017 &gt;&gt; G\u00e5-hjem-m\u00f8de 14. november 2017<\/p>\n","protected":false},"author":14,"featured_media":0,"parent":0,"menu_order":0,"comment_status":"closed","ping_status":"closed","template":"","meta":{"footnotes":""},"class_list":["post-2873","page","type-page","status-publish","hentry"],"_links":{"self":[{"href":"https:\/\/www.salesandoperationsplanning.dk\/index.php\/wp-json\/wp\/v2\/pages\/2873","targetHints":{"allow":["GET"]}}],"collection":[{"href":"https:\/\/www.salesandoperationsplanning.dk\/index.php\/wp-json\/wp\/v2\/pages"}],"about":[{"href":"https:\/\/www.salesandoperationsplanning.dk\/index.php\/wp-json\/wp\/v2\/types\/page"}],"author":[{"embeddable":true,"href":"https:\/\/www.salesandoperationsplanning.dk\/index.php\/wp-json\/wp\/v2\/users\/14"}],"replies":[{"embeddable":true,"href":"https:\/\/www.salesandoperationsplanning.dk\/index.php\/wp-json\/wp\/v2\/comments?post=2873"}],"version-history":[{"count":6,"href":"https:\/\/www.salesandoperationsplanning.dk\/index.php\/wp-json\/wp\/v2\/pages\/2873\/revisions"}],"predecessor-version":[{"id":3119,"href":"https:\/\/www.salesandoperationsplanning.dk\/index.php\/wp-json\/wp\/v2\/pages\/2873\/revisions\/3119"}],"wp:attachment":[{"href":"https:\/\/www.salesandoperationsplanning.dk\/index.php\/wp-json\/wp\/v2\/media?parent=2873"}],"curies":[{"name":"wp","href":"https:\/\/api.w.org\/{rel}","templated":true}]}}