{"id":2978,"date":"2018-06-13T13:22:54","date_gmt":"2018-06-13T11:22:54","guid":{"rendered":"http:\/\/www.salesandoperationsplanning.dk\/?page_id=2978"},"modified":"2018-06-13T13:34:34","modified_gmt":"2018-06-13T11:34:34","slug":"gaa-hjem-moede-6-juni-2018","status":"publish","type":"page","link":"https:\/\/www.salesandoperationsplanning.dk\/index.php\/gaa-hjem-moede-6-juni-2018\/","title":{"rendered":"G\u00e5-hjem-m\u00f8de 6. juni 2018"},"content":{"rendered":"<p>Herunder finder du materiale fra G\u00e5-hjem-m\u00f8det den 6. juni 2018 p\u00e5 SDU Kolding.<\/p>\n<p>Der skal rettes en stor tak til Lars S\u00f8rensen, Jan Hansen, Jesper Brix og Peter Husted for inspirerende opl\u00e6g.<\/p>\n<h2>Plancher<\/h2>\n<ul>\n<li><a href=\"http:\/\/www.salesandoperationsplanning.dk\/wp-content\/uploads\/2018\/06\/Velkomst-6.-juni-2018.pdf\"><strong>Velkomst og program<\/strong><\/a><br \/>\nv\/professor Jan Stentoft, SDU<\/li>\n<\/ul>\n<ul>\n<li><a href=\"http:\/\/www.salesandoperationsplanning.dk\/wp-content\/uploads\/2018\/06\/Mercuri-Urval-6.-juni-2018.pdf\"><strong>S&amp;OP med fokus p\u00e5 mennesket \u2013 Key Behavioral Indicators<\/strong><\/a><br \/>\nv\/chefkonsulent Lars S\u00f8rensen, Mercuri Urval<\/li>\n<\/ul>\n<ul>\n<li><a href=\"http:\/\/www.salesandoperationsplanning.dk\/wp-content\/uploads\/2018\/06\/Sport-24-6.-juni-2018.pdf\"><strong>S&amp;OP hos Sport24 Business<\/strong><\/a><br \/>\nv\/logistikchef Jan Hansen<\/li>\n<\/ul>\n<ul>\n<li><a href=\"http:\/\/www.salesandoperationsplanning.dk\/wp-content\/uploads\/2018\/06\/Bramming-Plast-6.-juni-2018.pdf\"><strong>S&amp;OP hos Bramming Plast\u2010Industri<\/strong><\/a><br \/>\nv\/CEO Jesper Brix<\/li>\n<\/ul>\n<ul>\n<li><a href=\"http:\/\/www.salesandoperationsplanning.dk\/wp-content\/uploads\/2018\/06\/Viking-6.-juni-2018.pdf\"><strong>S&amp;OP hos Viking Life\u2010Saving Equipment<\/strong><\/a><br \/>\nv\/logistikchef Peter Husted<\/li>\n<\/ul>\n<ul>\n<li><a href=\"http:\/\/www.salesandoperationsplanning.dk\/wp-content\/uploads\/2018\/06\/Opsamling-6.-juni-2018.pdf\"><strong>Opsamling: Projektets delresultater<\/strong><\/a><br \/>\n<strong>v\/<\/strong>professor Jan Stentoft, SDU<\/li>\n<\/ul>\n","protected":false},"excerpt":{"rendered":"<p>Herunder finder du materiale fra G\u00e5-hjem-m\u00f8det den 6. juni 2018 p\u00e5 SDU Kolding. Der skal rettes en stor tak til Lars S\u00f8rensen, Jan Hansen, Jesper Brix og Peter Husted for&#8230; <\/p>\n","protected":false},"author":14,"featured_media":0,"parent":0,"menu_order":0,"comment_status":"closed","ping_status":"closed","template":"","meta":{"footnotes":""},"class_list":["post-2978","page","type-page","status-publish","hentry"],"_links":{"self":[{"href":"https:\/\/www.salesandoperationsplanning.dk\/index.php\/wp-json\/wp\/v2\/pages\/2978","targetHints":{"allow":["GET"]}}],"collection":[{"href":"https:\/\/www.salesandoperationsplanning.dk\/index.php\/wp-json\/wp\/v2\/pages"}],"about":[{"href":"https:\/\/www.salesandoperationsplanning.dk\/index.php\/wp-json\/wp\/v2\/types\/page"}],"author":[{"embeddable":true,"href":"https:\/\/www.salesandoperationsplanning.dk\/index.php\/wp-json\/wp\/v2\/users\/14"}],"replies":[{"embeddable":true,"href":"https:\/\/www.salesandoperationsplanning.dk\/index.php\/wp-json\/wp\/v2\/comments?post=2978"}],"version-history":[{"count":5,"href":"https:\/\/www.salesandoperationsplanning.dk\/index.php\/wp-json\/wp\/v2\/pages\/2978\/revisions"}],"predecessor-version":[{"id":3017,"href":"https:\/\/www.salesandoperationsplanning.dk\/index.php\/wp-json\/wp\/v2\/pages\/2978\/revisions\/3017"}],"wp:attachment":[{"href":"https:\/\/www.salesandoperationsplanning.dk\/index.php\/wp-json\/wp\/v2\/media?parent=2978"}],"curies":[{"name":"wp","href":"https:\/\/api.w.org\/{rel}","templated":true}]}}