{"id":3101,"date":"2018-12-10T15:41:42","date_gmt":"2018-12-10T14:41:42","guid":{"rendered":"http:\/\/www.salesandoperationsplanning.dk\/?page_id=3101"},"modified":"2019-04-04T08:44:45","modified_gmt":"2019-04-04T06:44:45","slug":"gaa-hjem-moede-27-marts-2019","status":"publish","type":"page","link":"https:\/\/www.salesandoperationsplanning.dk\/index.php\/gaa-hjem-moede-27-marts-2019\/","title":{"rendered":"G\u00e5-hjem-m\u00f8de 27. marts 2019"},"content":{"rendered":"<p>Herunder finder du materiale fra G\u00e5-hjem-m\u00f8det den 27. marts p\u00e5 SDU Kolding.<\/p>\n<p>Der skal rettes en stor tak til Morten Momsen, Hans Vejs-Petersen, Lars S\u00f8rensen, Lone Bryder, Jarl Freiesleben og Dick Esmark for inspirerende opl\u00e6g.<\/p>\n<h2>Plancher<\/h2>\n<ul>\n<li><a href=\"http:\/\/www.salesandoperationsplanning.dk\/wp-content\/uploads\/2019\/04\/SOP-Bramming-Plast-Industri-27-marts-2019.pdf\">S&amp;OP hos Bramming Plast-Industri<\/a><br \/>\nv\/COO Hans Vejs-Petersen, Bramming Plast-Industri<\/li>\n<\/ul>\n<ul>\n<li><a href=\"http:\/\/www.salesandoperationsplanning.dk\/wp-content\/uploads\/2019\/04\/Mercuri-Urval-27.03.2019.pdf\"><strong>Rejsen gennem S&amp;OP<\/strong><\/a><br \/>\nv\/chefkonsulent Lars S\u00f8rensen, Mercuri Urval<\/li>\n<\/ul>\n<ul>\n<li><a href=\"http:\/\/www.salesandoperationsplanning.dk\/wp-content\/uploads\/2019\/04\/SOP-hos-Mac-Baren-Tobacco-Company-27.03.2019.pdf\"><strong>S&amp;OP hos Mac Baren Tobacco Company<\/strong><\/a><br \/>\nv\/CEO Jarl Freiesleben, Mac Baren Tobacco Company<\/li>\n<\/ul>\n<ul>\n<li><a href=\"http:\/\/www.salesandoperationsplanning.dk\/wp-content\/uploads\/2019\/04\/SOP-SDU-27-marts-2019.pdf\"><strong>Key-finding i det samlede S&amp;OP projekt<\/strong><\/a><br \/>\nv\/professor Jan Stentoft, professor Per Vagn Freytag og Lektor Ole Stegmann Mikkelsen<\/li>\n<\/ul>\n","protected":false},"excerpt":{"rendered":"<p>Herunder finder du materiale fra G\u00e5-hjem-m\u00f8det den 27. marts p\u00e5 SDU Kolding. Der skal rettes en stor tak til Morten Momsen, Hans Vejs-Petersen, Lars S\u00f8rensen, Lone Bryder, Jarl Freiesleben og&#8230; <\/p>\n","protected":false},"author":14,"featured_media":0,"parent":0,"menu_order":0,"comment_status":"closed","ping_status":"closed","template":"","meta":{"footnotes":""},"class_list":["post-3101","page","type-page","status-publish","hentry"],"_links":{"self":[{"href":"https:\/\/www.salesandoperationsplanning.dk\/index.php\/wp-json\/wp\/v2\/pages\/3101","targetHints":{"allow":["GET"]}}],"collection":[{"href":"https:\/\/www.salesandoperationsplanning.dk\/index.php\/wp-json\/wp\/v2\/pages"}],"about":[{"href":"https:\/\/www.salesandoperationsplanning.dk\/index.php\/wp-json\/wp\/v2\/types\/page"}],"author":[{"embeddable":true,"href":"https:\/\/www.salesandoperationsplanning.dk\/index.php\/wp-json\/wp\/v2\/users\/14"}],"replies":[{"embeddable":true,"href":"https:\/\/www.salesandoperationsplanning.dk\/index.php\/wp-json\/wp\/v2\/comments?post=3101"}],"version-history":[{"count":11,"href":"https:\/\/www.salesandoperationsplanning.dk\/index.php\/wp-json\/wp\/v2\/pages\/3101\/revisions"}],"predecessor-version":[{"id":4191,"href":"https:\/\/www.salesandoperationsplanning.dk\/index.php\/wp-json\/wp\/v2\/pages\/3101\/revisions\/4191"}],"wp:attachment":[{"href":"https:\/\/www.salesandoperationsplanning.dk\/index.php\/wp-json\/wp\/v2\/media?parent=3101"}],"curies":[{"name":"wp","href":"https:\/\/api.w.org\/{rel}","templated":true}]}}