{"id":3155,"date":"2019-01-30T20:38:21","date_gmt":"2019-01-30T19:38:21","guid":{"rendered":"http:\/\/www.salesandoperationsplanning.dk\/?page_id=3155"},"modified":"2019-07-10T11:08:30","modified_gmt":"2019-07-10T09:08:30","slug":"analyse-og-diagnose","status":"publish","type":"page","link":"https:\/\/www.salesandoperationsplanning.dk\/index.php\/resultater\/vaerktojer\/analyse-og-diagnose\/","title":{"rendered":"Analyse og diagnose"},"content":{"rendered":"<p><span style=\"color: #ffffff;\">..<\/span>5. <a href=\"http:\/\/www.salesandoperationsplanning.dk\/wp-content\/uploads\/2019\/03\/V\u00e6rkt\u00f8j-5-Brown-paper.pdf\" target=\"_blank\" rel=\"noopener noreferrer\">Brown paper<\/a><br \/>\n<span style=\"color: #ffffff;\">..<\/span>6. <a href=\"http:\/\/www.salesandoperationsplanning.dk\/wp-content\/uploads\/2019\/03\/V\u00e6rkt\u00f8j-6-Nuv\u00e6rende-performance.pdf\" target=\"_blank\" rel=\"noopener noreferrer\">Nuv\u00e6rende performance<\/a><br \/>\n<span style=\"color: #ffffff;\">..<\/span>7. <a href=\"http:\/\/www.salesandoperationsplanning.dk\/wp-content\/uploads\/2019\/03\/V\u00e6rkt\u00f8j-7-SOP-modenhed.pdf\" target=\"_blank\" rel=\"noopener noreferrer\">S&amp;OP modenhed<\/a><br \/>\n<span style=\"color: #ffffff;\">..<\/span>8. <a href=\"http:\/\/www.salesandoperationsplanning.dk\/wp-content\/uploads\/2019\/03\/V\u00e6rkt\u00f8j-8-System-og-rapportkortl\u00e6gning.pdf\" target=\"_blank\" rel=\"noopener noreferrer\">System- og rapportkortl\u00e6gning<\/a><br \/>\n<span style=\"color: #ffffff;\">..<\/span>9. <a href=\"http:\/\/www.salesandoperationsplanning.dk\/wp-content\/uploads\/2019\/03\/V\u00e6rkt\u00f8j-9-SOP-fundament.pdf\" target=\"_blank\" rel=\"noopener noreferrer\">S&amp;OP fundament<\/a><br \/>\n10. <a href=\"http:\/\/www.salesandoperationsplanning.dk\/wp-content\/uploads\/2019\/03\/V\u00e6rkt\u00f8j-10-Ledelsesparadigmer.pdf\" target=\"_blank\" rel=\"noopener noreferrer\">Ledelsesparadigmer<\/a><br \/>\n11. <a href=\"http:\/\/www.salesandoperationsplanning.dk\/wp-content\/uploads\/2019\/03\/V\u00e6rkt\u00f8j-11-Kompetenceafd\u00e6kning.pdf\" target=\"_blank\" rel=\"noopener noreferrer\">Kompetenceafd\u00e6kning<\/a><br \/>\n12. <a href=\"http:\/\/www.salesandoperationsplanning.dk\/wp-content\/uploads\/2019\/03\/V\u00e6rkt\u00f8j-12-Personprofilanalyser.pdf\" target=\"_blank\" rel=\"noopener noreferrer\">Personprofilanalyser<\/a><\/p>\n<div class='content-column one_fifth'><a class=\"img class=&quot;hover&quot; src=&quot;http:\/\/www.salesandoperationsplanning.dk\/wp-content\/uploads\/2018\/08\/Broegger-erhvervspsykologer.png\" href=\"http:\/\/www.salesandoperationsplanning.dk\/index.php\/resultater\/vaerktojer\/erkendelse\"><img loading=\"lazy\" decoding=\"async\" class=\"alignnone wp-image-3294 size-medium\" src=\"http:\/\/www.salesandoperationsplanning.dk\/wp-content\/uploads\/2019\/03\/Erkendelse-300x179.png\" alt=\"\" width=\"300\" height=\"179\" srcset=\"https:\/\/www.salesandoperationsplanning.dk\/wp-content\/uploads\/2019\/03\/Erkendelse-300x179.png 300w, https:\/\/www.salesandoperationsplanning.dk\/wp-content\/uploads\/2019\/03\/Erkendelse-768x457.png 768w, https:\/\/www.salesandoperationsplanning.dk\/wp-content\/uploads\/2019\/03\/Erkendelse.png 835w\" sizes=\"auto, (max-width: 300px) 100vw, 300px\" \/><\/a><\/div><div class='content-column one_fifth'><img loading=\"lazy\" decoding=\"async\" class=\"alignnone wp-image-3660 size-medium\" src=\"http:\/\/www.salesandoperationsplanning.dk\/wp-content\/uploads\/2019\/03\/LYS-Analyse-og-diagnose-300x179.png\" alt=\"\" width=\"300\" height=\"179\" srcset=\"https:\/\/www.salesandoperationsplanning.dk\/wp-content\/uploads\/2019\/03\/LYS-Analyse-og-diagnose-300x179.png 300w, https:\/\/www.salesandoperationsplanning.dk\/wp-content\/uploads\/2019\/03\/LYS-Analyse-og-diagnose-768x457.png 768w, https:\/\/www.salesandoperationsplanning.dk\/wp-content\/uploads\/2019\/03\/LYS-Analyse-og-diagnose.png 835w\" sizes=\"auto, (max-width: 300px) 100vw, 300px\" \/><\/div><div class='content-column one_fifth'><a href=\"http:\/\/www.salesandoperationsplanning.dk\/index.php\/resultater\/vaerktojer\/definering-af-sogop-proces-2\/\"><img loading=\"lazy\" decoding=\"async\" class=\"alignnone wp-image-3267 size-medium\" src=\"http:\/\/www.salesandoperationsplanning.dk\/wp-content\/uploads\/2019\/03\/Definering-af-SogOP-proces-300x178.png\" alt=\"\" width=\"300\" height=\"178\" srcset=\"https:\/\/www.salesandoperationsplanning.dk\/wp-content\/uploads\/2019\/03\/Definering-af-SogOP-proces-300x178.png 300w, https:\/\/www.salesandoperationsplanning.dk\/wp-content\/uploads\/2019\/03\/Definering-af-SogOP-proces-768x455.png 768w, https:\/\/www.salesandoperationsplanning.dk\/wp-content\/uploads\/2019\/03\/Definering-af-SogOP-proces.png 838w\" sizes=\"auto, (max-width: 300px) 100vw, 300px\" \/><\/a><\/div><div class='content-column one_fifth'><a href=\"http:\/\/www.salesandoperationsplanning.dk\/index.php\/resultater\/vaerktojer\/pilot-2\/\"><img loading=\"lazy\" decoding=\"async\" class=\"alignnone wp-image-3273 size-medium\" src=\"http:\/\/www.salesandoperationsplanning.dk\/wp-content\/uploads\/2019\/03\/Pilot-300x178.png\" alt=\"\" width=\"300\" height=\"178\" srcset=\"https:\/\/www.salesandoperationsplanning.dk\/wp-content\/uploads\/2019\/03\/Pilot-300x178.png 300w, https:\/\/www.salesandoperationsplanning.dk\/wp-content\/uploads\/2019\/03\/Pilot-768x456.png 768w, https:\/\/www.salesandoperationsplanning.dk\/wp-content\/uploads\/2019\/03\/Pilot.png 837w\" sizes=\"auto, (max-width: 300px) 100vw, 300px\" \/><\/a><\/div><div class='content-column one_fifth last_column'><a href=\"http:\/\/www.salesandoperationsplanning.dk\/index.php\/resultater\/vaerktojer\/drift-2\/\"><img loading=\"lazy\" decoding=\"async\" class=\"alignnone wp-image-3279 size-medium\" src=\"http:\/\/www.salesandoperationsplanning.dk\/wp-content\/uploads\/2019\/03\/Drift-300x177.png\" alt=\"\" width=\"300\" height=\"177\" srcset=\"https:\/\/www.salesandoperationsplanning.dk\/wp-content\/uploads\/2019\/03\/Drift-300x177.png 300w, https:\/\/www.salesandoperationsplanning.dk\/wp-content\/uploads\/2019\/03\/Drift-768x452.png 768w, https:\/\/www.salesandoperationsplanning.dk\/wp-content\/uploads\/2019\/03\/Drift.png 841w\" sizes=\"auto, (max-width: 300px) 100vw, 300px\" \/><\/a><\/div><div class='clear_column'><\/div>\n<h5>Klik p\u00e5 en fase for at se de v\u00e6rkt\u00f8jer, der h\u00f8rer til &#8230;<\/h5>\n","protected":false},"excerpt":{"rendered":"<p>..5. Brown paper ..6. Nuv\u00e6rende performance ..7. S&amp;OP modenhed ..8. System- og rapportkortl\u00e6gning ..9. S&amp;OP fundament 10. Ledelsesparadigmer 11. Kompetenceafd\u00e6kning 12. Personprofilanalyser Klik p\u00e5 en fase for at se de&#8230; <\/p>\n","protected":false},"author":14,"featured_media":0,"parent":108,"menu_order":2,"comment_status":"closed","ping_status":"closed","template":"","meta":{"footnotes":""},"class_list":["post-3155","page","type-page","status-publish","hentry"],"_links":{"self":[{"href":"https:\/\/www.salesandoperationsplanning.dk\/index.php\/wp-json\/wp\/v2\/pages\/3155","targetHints":{"allow":["GET"]}}],"collection":[{"href":"https:\/\/www.salesandoperationsplanning.dk\/index.php\/wp-json\/wp\/v2\/pages"}],"about":[{"href":"https:\/\/www.salesandoperationsplanning.dk\/index.php\/wp-json\/wp\/v2\/types\/page"}],"author":[{"embeddable":true,"href":"https:\/\/www.salesandoperationsplanning.dk\/index.php\/wp-json\/wp\/v2\/users\/14"}],"replies":[{"embeddable":true,"href":"https:\/\/www.salesandoperationsplanning.dk\/index.php\/wp-json\/wp\/v2\/comments?post=3155"}],"version-history":[{"count":25,"href":"https:\/\/www.salesandoperationsplanning.dk\/index.php\/wp-json\/wp\/v2\/pages\/3155\/revisions"}],"predecessor-version":[{"id":4238,"href":"https:\/\/www.salesandoperationsplanning.dk\/index.php\/wp-json\/wp\/v2\/pages\/3155\/revisions\/4238"}],"up":[{"embeddable":true,"href":"https:\/\/www.salesandoperationsplanning.dk\/index.php\/wp-json\/wp\/v2\/pages\/108"}],"wp:attachment":[{"href":"https:\/\/www.salesandoperationsplanning.dk\/index.php\/wp-json\/wp\/v2\/media?parent=3155"}],"curies":[{"name":"wp","href":"https:\/\/api.w.org\/{rel}","templated":true}]}}