{"id":330,"date":"2017-05-01T11:38:27","date_gmt":"2017-05-01T09:38:27","guid":{"rendered":"http:\/\/www.salesandoperationsplanning.dk\/?page_id=330"},"modified":"2019-03-17T13:39:07","modified_gmt":"2019-03-17T12:39:07","slug":"10-implementerings-forlob","status":"publish","type":"page","link":"https:\/\/www.salesandoperationsplanning.dk\/index.php\/resultater\/10-implementerings-forlob\/","title":{"rendered":"10 implementeringsforl\u00f8b"},"content":{"rendered":"<a class=\"maxbutton-12 maxbutton maxbutton-bramming-plast-industri-a-s\" href=\"http:\/\/www.salesandoperationsplanning.dk\/index.php\/resultater\/10-implementerings-forlob\/bramming-plast-industri\/\"><span class='mb-text'>Bramming Plast-Industri A\/S<\/span><\/a> <a class=\"maxbutton-13 maxbutton maxbutton-a-s-bryggeriet-vestfyen\" href=\"\/index.php\/resultater\/10-implementerings-forlob\/bryggeriet-vestfyen\/\"><span class='mb-text'>A\/S Bryggeriet Vestfyen<\/span><\/a> <a class=\"maxbutton-14 maxbutton maxbutton-dinex-a-s\" href=\"\/index.php\/resultater\/10-implementerings-forlob\/dinex-3\/\"><span class='mb-text'>Dinex A\/S<\/span><\/a> <a class=\"maxbutton-21 maxbutton maxbutton-jyden-bur-a-s\" href=\"\/index.php\/resultater\/10-implementerings-forlob\/jyden-bur\/\"><span class='mb-text'>Jyden Bur A\/S<\/span><\/a> <a class=\"maxbutton-15 maxbutton maxbutton-mac-baren-tobacco-company-a-s\" href=\"\/index.php\/resultater\/10-implementerings-forlob\/mac-baren\/\"><span class='mb-text'>Mac Baren Tobacco Company A\/S<\/span><\/a>\n<a class=\"maxbutton-16 maxbutton maxbutton-nissens-automotive-a-s\" href=\"\/index.php\/resultater\/10-implementerings-forlob\/nissens-automotive\/\"><span class='mb-text'>Nissens Automotive A\/S<\/span><\/a> <a class=\"maxbutton-17 maxbutton maxbutton-qubiqa-a-s\" href=\"\/index.php\/resultater\/10-implementerings-forlob\/qubiqa\/\"><span class='mb-text'>Qubiqa A\/S<\/span><\/a> <a class=\"maxbutton-18 maxbutton maxbutton-sgm-light-a-s\" href=\"\/index.php\/resultater\/10-implementerings-forlob\/sgm-light-2\/\"><span class='mb-text'>SGM Light A\/S<\/span><\/a> <a class=\"maxbutton-19 maxbutton maxbutton-sport-24-business\" href=\"\/index.php\/resultater\/10-implementerings-forlob\/sport-24-business\/\"><span class='mb-text'>SPORT 24 BUSINESS<\/span><\/a> <a class=\"maxbutton-20 maxbutton maxbutton-viking-life-saving-equipment-a-s\" href=\"\/index.php\/resultater\/10-implementerings-forlob\/viking-life-saving-equipment-2\/\"><span class='mb-text'>VIKING Life-Saving Equipment A\/S<\/span><\/a>\n<p>Projektet \u00a0indeholder\u00a0studier af\u00a0S&amp;OP implementeringsforl\u00f8b i 10 virksomheder.<br \/>\nForl\u00f8bet i hver virksomhed best\u00e5r i orientering om S&amp;OP for topledelsen og medarbejdere, kommittent fra topledelsen; valg af S&amp;OP projektdeltagere; tr\u00e6ning af S&amp;OP projektdeltagere; forberedelse af masterdata til processen; kick-off og sparing i S&amp;OP cyklussen gennem 3 m\u00e5neder. Efterf\u00f8lgende vil der v\u00e6re m\u00e5nedlige S&amp;OP opf\u00f8lgningsm\u00f8der.<\/p>\n<p><a href=\"http:\/\/www.salesandoperationsplanning.dk\/index.php\/resultater\/resultater-2\/mercuri-urval-2\/\" rel=\"noopener\">Mercuri Urval<\/a> deltager i implementeringen af S&amp;OP i virksomhederne med deres erfaring fra rekruttering af b\u00e5de salgs- og supply chain personale og deres store indsigt i forskellige personlighedsprofiler. Personprofil elementet vil udg\u00f8re et centralt element i de v\u00e6rkt\u00f8jer, projektet vil udvikle.<br \/>\nImplementeringen gennemf\u00f8res med ekstern assistance fra <a href=\"http:\/\/www.salesandoperationsplanning.dk\/index.php\/resultater\/resultater-2\/implement\/\" rel=\"noopener\">Implement Consulting Group<\/a>.<\/p>\n<p>Der vil ske videooptagelser i de enkelte virksomheder til at kommunikere til organisationen omkring S&amp;OP og det konkrete indhold af deres S&amp;OP procesforl\u00f8b. Udpluk af videoerne vil l\u00f8bende blive lagt op her p\u00e5 siden.<\/p>\n<h2>De medvirkende virksomheder er:<\/h2>\n<div class='content-column one_fourth'><a href=\"http:\/\/www.salesandoperationsplanning.dk\/index.php\/mac-baren\/\"><img loading=\"lazy\" decoding=\"async\" class=\"alignnone wp-image-447 size-full\" src=\"http:\/\/www.salesandoperationsplanning.dk\/wp-content\/uploads\/2017\/05\/Mac-Baren-Tobacco-Company-e1503556125489.jpg\" alt=\"\" width=\"175\" height=\"208\" \/><\/a><\/div><div class='content-column one_fourth'><a href=\"http:\/\/www.salesandoperationsplanning.dk\/index.php\/resultater\/10-implementerings-forlob\/bramming-plast-industri\/\"><img loading=\"lazy\" decoding=\"async\" class=\"alignnone wp-image-2273 size-full\" src=\"http:\/\/www.salesandoperationsplanning.dk\/wp-content\/uploads\/2017\/11\/Bramming-Plast.png\" alt=\"\" width=\"157\" height=\"89\" \/><\/a><\/div><div class='content-column one_fourth'><a href=\"http:\/\/www.salesandoperationsplanning.dk\/index.php\/resultater\/10-implementerings-forlob\/sport-24-business\/\"><img loading=\"lazy\" decoding=\"async\" class=\"alignnone wp-image-1955 size-medium\" src=\"http:\/\/www.salesandoperationsplanning.dk\/wp-content\/uploads\/2017\/11\/Sport-24-1-300x120.png\" alt=\"\" width=\"300\" height=\"120\" \/><\/a><\/div><div class='content-column one_fourth last_column'><a href=\"http:\/\/www.salesandoperationsplanning.dk\/index.php\/resultater\/10-implementerings-forlob\/sgm-light-2\/\"><img loading=\"lazy\" decoding=\"async\" class=\"alignnone wp-image-1008 size-full\" src=\"http:\/\/www.salesandoperationsplanning.dk\/wp-content\/uploads\/2017\/05\/SGM-2-e1503555964985.jpg\" alt=\"\" width=\"175\" height=\"175\" \/><\/a><\/div><div class='clear_column'><\/div>\n<div class='content-column one_fourth'><a href=\"http:\/\/www.salesandoperationsplanning.dk\/index.php\/resultater\/10-implementerings-forlob\/bryggeriet-vestfyen\/\"><img loading=\"lazy\" decoding=\"async\" class=\"alignnone wp-image-660 size-full\" src=\"http:\/\/www.salesandoperationsplanning.dk\/wp-content\/uploads\/2017\/05\/vestfyen320-01-e1503555905651.gif\" alt=\"\" width=\"175\" height=\"98\" \/><\/a><\/div><div class='content-column one_fourth'><a href=\"http:\/\/www.salesandoperationsplanning.dk\/index.php\/resultater\/10-implementerings-forlob\/nissens-automotive\/\"><img loading=\"lazy\" decoding=\"async\" class=\"alignnone wp-image-2678 size-medium\" src=\"http:\/\/www.salesandoperationsplanning.dk\/wp-content\/uploads\/2017\/12\/Nissens-300x166.jpg\" alt=\"\" width=\"300\" height=\"166\" srcset=\"https:\/\/www.salesandoperationsplanning.dk\/wp-content\/uploads\/2017\/12\/Nissens-300x166.jpg 300w, https:\/\/www.salesandoperationsplanning.dk\/wp-content\/uploads\/2017\/12\/Nissens.jpg 301w\" sizes=\"auto, (max-width: 300px) 100vw, 300px\" \/><\/a><\/div><div class='content-column one_fourth'><a href=\"http:\/\/www.salesandoperationsplanning.dk\/index.php\/viking-life-saving-equipment\/\"><img loading=\"lazy\" decoding=\"async\" class=\"alignnone wp-image-450 size-full\" src=\"http:\/\/www.salesandoperationsplanning.dk\/wp-content\/uploads\/2017\/05\/Viking-Life-Saving-Equipment-e1503557408736.png\" alt=\"\" width=\"160\" height=\"160\" \/><\/a><\/div><div class='content-column one_fourth last_column'><a href=\"http:\/\/www.salesandoperationsplanning.dk\/index.php\/qubiqa\/\"><img loading=\"lazy\" decoding=\"async\" class=\"alignnone wp-image-1005\" src=\"http:\/\/www.salesandoperationsplanning.dk\/wp-content\/uploads\/2017\/08\/logo.png\" alt=\"\" width=\"175\" height=\"103\" \/><\/a><\/div><div class='clear_column'><\/div>\n<div class='content-column one_fourth'><a href=\"http:\/\/www.salesandoperationsplanning.dk\/index.php\/resultater\/10-implementerings-forlob\/jyden-bur\/\"><img loading=\"lazy\" decoding=\"async\" class=\"alignnone wp-image-2252\" src=\"http:\/\/www.salesandoperationsplanning.dk\/wp-content\/uploads\/2017\/11\/Jyden-Bur-300x88.png\" alt=\"\" width=\"200\" height=\"59\" srcset=\"https:\/\/www.salesandoperationsplanning.dk\/wp-content\/uploads\/2017\/11\/Jyden-Bur-300x88.png 300w, https:\/\/www.salesandoperationsplanning.dk\/wp-content\/uploads\/2017\/11\/Jyden-Bur.png 335w\" sizes=\"auto, (max-width: 200px) 100vw, 200px\" \/><\/a><\/div><div class='content-column one_fourth'><a href=\"http:\/\/www.salesandoperationsplanning.dk\/index.php\/resultater\/10-implementerings-forlob\/dinex-3\/\"><img loading=\"lazy\" decoding=\"async\" class=\"alignnone wp-image-435 size-medium\" src=\"http:\/\/www.salesandoperationsplanning.dk\/wp-content\/uploads\/2017\/05\/Dinex-300x127.png\" alt=\"\" width=\"300\" height=\"127\" srcset=\"https:\/\/www.salesandoperationsplanning.dk\/wp-content\/uploads\/2017\/05\/Dinex-300x127.png 300w, https:\/\/www.salesandoperationsplanning.dk\/wp-content\/uploads\/2017\/05\/Dinex.png 345w\" sizes=\"auto, (max-width: 300px) 100vw, 300px\" \/><\/a><\/div><div class='content-column one_fourth last_column'><\/div><div class='clear_column'><\/div>\n","protected":false},"excerpt":{"rendered":"<p>Projektet \u00a0indeholder\u00a0studier af\u00a0S&amp;OP implementeringsforl\u00f8b i 10 virksomheder. Forl\u00f8bet i hver virksomhed best\u00e5r i orientering om S&amp;OP for topledelsen og medarbejdere, kommittent fra topledelsen; valg af S&amp;OP projektdeltagere; tr\u00e6ning af S&amp;OP&#8230; <\/p>\n","protected":false},"author":14,"featured_media":0,"parent":39,"menu_order":0,"comment_status":"closed","ping_status":"closed","template":"","meta":{"footnotes":""},"class_list":["post-330","page","type-page","status-publish","hentry"],"_links":{"self":[{"href":"https:\/\/www.salesandoperationsplanning.dk\/index.php\/wp-json\/wp\/v2\/pages\/330","targetHints":{"allow":["GET"]}}],"collection":[{"href":"https:\/\/www.salesandoperationsplanning.dk\/index.php\/wp-json\/wp\/v2\/pages"}],"about":[{"href":"https:\/\/www.salesandoperationsplanning.dk\/index.php\/wp-json\/wp\/v2\/types\/page"}],"author":[{"embeddable":true,"href":"https:\/\/www.salesandoperationsplanning.dk\/index.php\/wp-json\/wp\/v2\/users\/14"}],"replies":[{"embeddable":true,"href":"https:\/\/www.salesandoperationsplanning.dk\/index.php\/wp-json\/wp\/v2\/comments?post=330"}],"version-history":[{"count":33,"href":"https:\/\/www.salesandoperationsplanning.dk\/index.php\/wp-json\/wp\/v2\/pages\/330\/revisions"}],"predecessor-version":[{"id":3838,"href":"https:\/\/www.salesandoperationsplanning.dk\/index.php\/wp-json\/wp\/v2\/pages\/330\/revisions\/3838"}],"up":[{"embeddable":true,"href":"https:\/\/www.salesandoperationsplanning.dk\/index.php\/wp-json\/wp\/v2\/pages\/39"}],"wp:attachment":[{"href":"https:\/\/www.salesandoperationsplanning.dk\/index.php\/wp-json\/wp\/v2\/media?parent=330"}],"curies":[{"name":"wp","href":"https:\/\/api.w.org\/{rel}","templated":true}]}}