{"id":3300,"date":"2019-03-03T18:11:04","date_gmt":"2019-03-03T17:11:04","guid":{"rendered":"http:\/\/www.salesandoperationsplanning.dk\/?page_id=3300"},"modified":"2019-07-10T11:09:52","modified_gmt":"2019-07-10T09:09:52","slug":"definering-af-sogop-proces-2","status":"publish","type":"page","link":"https:\/\/www.salesandoperationsplanning.dk\/index.php\/resultater\/vaerktojer\/definering-af-sogop-proces-2\/","title":{"rendered":"Definering af S&#038;OP proces"},"content":{"rendered":"<p>13. <a href=\"http:\/\/www.salesandoperationsplanning.dk\/wp-content\/uploads\/2019\/03\/V\u00e6rkt\u00f8j-13-Performancekatalog.pdf\" target=\"_blank\" rel=\"noopener noreferrer\">Performancekatalog<\/a><br \/>\n14. <a href=\"http:\/\/www.salesandoperationsplanning.dk\/wp-content\/uploads\/2019\/03\/V\u00e6rkt\u00f8j-14-Definering-af-KPIer.pdf\" target=\"_blank\" rel=\"noopener noreferrer\">Definering af Key Performance Indicators &#8211; KPI&#8217;er<\/a><br \/>\n15. <a href=\"http:\/\/www.salesandoperationsplanning.dk\/wp-content\/uploads\/2019\/03\/V\u00e6rkt\u00f8j-15-Roller-og-ansvar.pdf\" target=\"_blank\" rel=\"noopener noreferrer\">Roller og ansvar<\/a><br \/>\n16. <a href=\"http:\/\/www.salesandoperationsplanning.dk\/wp-content\/uploads\/2019\/03\/V\u00e6rkt\u00f8j-16-Agenda-til-workshop-med-fokus-p\u00e5-adf\u00e6rd.pdf\" target=\"_blank\" rel=\"noopener noreferrer\">Agenda til workshop med fokus p\u00e5 adf\u00e6rd<\/a><br \/>\n17. <a href=\"http:\/\/www.salesandoperationsplanning.dk\/wp-content\/uploads\/2019\/03\/V\u00e6rkt\u00f8j-17-Lytteniveauer.pdf\" target=\"_blank\" rel=\"noopener noreferrer\">Lytteniveauer<\/a><br \/>\n18. <a href=\"http:\/\/www.salesandoperationsplanning.dk\/wp-content\/uploads\/2019\/03\/V\u00e6rkt\u00f8j-18-Teamsammens\u00e6tning.pdf\" target=\"_blank\" rel=\"noopener noreferrer\">Teamsammens\u00e6tning<\/a><br \/>\n19. <a href=\"http:\/\/www.salesandoperationsplanning.dk\/wp-content\/uploads\/2019\/03\/V\u00e6rkt\u00f8j-19-Definering-af-KBIer.pdf\" target=\"_blank\" rel=\"noopener noreferrer\">Definering af Key Behavioral Indicators &#8211; KBI&#8217;er<\/a><br \/>\n20. <a href=\"http:\/\/www.salesandoperationsplanning.dk\/wp-content\/uploads\/2019\/03\/V\u00e6rkt\u00f8j-20-Foruds\u00e6tninger-for-succes.pdf\" target=\"_blank\" rel=\"noopener noreferrer\">Foruds\u00e6tninger for succes<\/a><\/p>\n<div class='content-column one_fifth'><a class=\"img class=&quot;hover&quot; src=&quot;http:\/\/www.salesandoperationsplanning.dk\/wp-content\/uploads\/2018\/08\/Broegger-erhvervspsykologer.png\" href=\"http:\/\/www.salesandoperationsplanning.dk\/index.php\/resultater\/vaerktojer\/erkendelse\"><img loading=\"lazy\" decoding=\"async\" class=\"alignnone wp-image-3294 size-medium\" src=\"http:\/\/www.salesandoperationsplanning.dk\/wp-content\/uploads\/2019\/03\/Erkendelse-300x179.png\" alt=\"\" width=\"300\" height=\"179\" srcset=\"https:\/\/www.salesandoperationsplanning.dk\/wp-content\/uploads\/2019\/03\/Erkendelse-300x179.png 300w, https:\/\/www.salesandoperationsplanning.dk\/wp-content\/uploads\/2019\/03\/Erkendelse-768x457.png 768w, https:\/\/www.salesandoperationsplanning.dk\/wp-content\/uploads\/2019\/03\/Erkendelse.png 835w\" sizes=\"auto, (max-width: 300px) 100vw, 300px\" \/><\/a><\/div><div class='content-column one_fifth'><a href=\"http:\/\/www.salesandoperationsplanning.dk\/index.php\/resultater\/vaerktojer\/analyse-og-diagnose\"><img loading=\"lazy\" decoding=\"async\" class=\"alignnone wp-image-3261 size-medium\" src=\"http:\/\/www.salesandoperationsplanning.dk\/wp-content\/uploads\/2019\/03\/Analyse-og-diagnose-300x179.png\" alt=\"\" width=\"300\" height=\"179\" srcset=\"https:\/\/www.salesandoperationsplanning.dk\/wp-content\/uploads\/2019\/03\/Analyse-og-diagnose-300x179.png 300w, https:\/\/www.salesandoperationsplanning.dk\/wp-content\/uploads\/2019\/03\/Analyse-og-diagnose-768x457.png 768w, https:\/\/www.salesandoperationsplanning.dk\/wp-content\/uploads\/2019\/03\/Analyse-og-diagnose.png 835w\" sizes=\"auto, (max-width: 300px) 100vw, 300px\" \/><\/a><\/div><div class='content-column one_fifth'><img loading=\"lazy\" decoding=\"async\" class=\"alignnone wp-image-3663 size-medium\" src=\"http:\/\/www.salesandoperationsplanning.dk\/wp-content\/uploads\/2019\/03\/LYS-Definering-af-SogOP-proces-300x178.png\" alt=\"\" width=\"300\" height=\"178\" srcset=\"https:\/\/www.salesandoperationsplanning.dk\/wp-content\/uploads\/2019\/03\/LYS-Definering-af-SogOP-proces-300x178.png 300w, https:\/\/www.salesandoperationsplanning.dk\/wp-content\/uploads\/2019\/03\/LYS-Definering-af-SogOP-proces-768x455.png 768w, https:\/\/www.salesandoperationsplanning.dk\/wp-content\/uploads\/2019\/03\/LYS-Definering-af-SogOP-proces.png 838w\" sizes=\"auto, (max-width: 300px) 100vw, 300px\" \/><\/div><div class='content-column one_fifth'><a href=\"http:\/\/www.salesandoperationsplanning.dk\/index.php\/resultater\/vaerktojer\/pilot-2\/\"><img loading=\"lazy\" decoding=\"async\" class=\"alignnone wp-image-3273 size-medium\" src=\"http:\/\/www.salesandoperationsplanning.dk\/wp-content\/uploads\/2019\/03\/Pilot-300x178.png\" alt=\"\" width=\"300\" height=\"178\" srcset=\"https:\/\/www.salesandoperationsplanning.dk\/wp-content\/uploads\/2019\/03\/Pilot-300x178.png 300w, https:\/\/www.salesandoperationsplanning.dk\/wp-content\/uploads\/2019\/03\/Pilot-768x456.png 768w, https:\/\/www.salesandoperationsplanning.dk\/wp-content\/uploads\/2019\/03\/Pilot.png 837w\" sizes=\"auto, (max-width: 300px) 100vw, 300px\" \/><\/a><\/div><div class='content-column one_fifth last_column'><a href=\"http:\/\/www.salesandoperationsplanning.dk\/index.php\/resultater\/vaerktojer\/drift-2\/\"><img loading=\"lazy\" decoding=\"async\" class=\"alignnone wp-image-3279 size-medium\" src=\"http:\/\/www.salesandoperationsplanning.dk\/wp-content\/uploads\/2019\/03\/Drift-300x177.png\" alt=\"\" width=\"300\" height=\"177\" srcset=\"https:\/\/www.salesandoperationsplanning.dk\/wp-content\/uploads\/2019\/03\/Drift-300x177.png 300w, https:\/\/www.salesandoperationsplanning.dk\/wp-content\/uploads\/2019\/03\/Drift-768x452.png 768w, https:\/\/www.salesandoperationsplanning.dk\/wp-content\/uploads\/2019\/03\/Drift.png 841w\" sizes=\"auto, (max-width: 300px) 100vw, 300px\" \/><\/a><\/div><div class='clear_column'><\/div>\n<h5>Klik p\u00e5 en fase for at se de v\u00e6rkt\u00f8jer, der h\u00f8rer til &#8230;<\/h5>\n","protected":false},"excerpt":{"rendered":"<p>13. Performancekatalog 14. Definering af Key Performance Indicators &#8211; KPI&#8217;er 15. Roller og ansvar 16. Agenda til workshop med fokus p\u00e5 adf\u00e6rd 17. Lytteniveauer 18. Teamsammens\u00e6tning 19. Definering af Key&#8230; <\/p>\n","protected":false},"author":14,"featured_media":0,"parent":108,"menu_order":3,"comment_status":"closed","ping_status":"closed","template":"","meta":{"footnotes":""},"class_list":["post-3300","page","type-page","status-publish","hentry"],"_links":{"self":[{"href":"https:\/\/www.salesandoperationsplanning.dk\/index.php\/wp-json\/wp\/v2\/pages\/3300","targetHints":{"allow":["GET"]}}],"collection":[{"href":"https:\/\/www.salesandoperationsplanning.dk\/index.php\/wp-json\/wp\/v2\/pages"}],"about":[{"href":"https:\/\/www.salesandoperationsplanning.dk\/index.php\/wp-json\/wp\/v2\/types\/page"}],"author":[{"embeddable":true,"href":"https:\/\/www.salesandoperationsplanning.dk\/index.php\/wp-json\/wp\/v2\/users\/14"}],"replies":[{"embeddable":true,"href":"https:\/\/www.salesandoperationsplanning.dk\/index.php\/wp-json\/wp\/v2\/comments?post=3300"}],"version-history":[{"count":15,"href":"https:\/\/www.salesandoperationsplanning.dk\/index.php\/wp-json\/wp\/v2\/pages\/3300\/revisions"}],"predecessor-version":[{"id":4239,"href":"https:\/\/www.salesandoperationsplanning.dk\/index.php\/wp-json\/wp\/v2\/pages\/3300\/revisions\/4239"}],"up":[{"embeddable":true,"href":"https:\/\/www.salesandoperationsplanning.dk\/index.php\/wp-json\/wp\/v2\/pages\/108"}],"wp:attachment":[{"href":"https:\/\/www.salesandoperationsplanning.dk\/index.php\/wp-json\/wp\/v2\/media?parent=3300"}],"curies":[{"name":"wp","href":"https:\/\/api.w.org\/{rel}","templated":true}]}}