{"id":3306,"date":"2019-03-03T18:11:49","date_gmt":"2019-03-03T17:11:49","guid":{"rendered":"http:\/\/www.salesandoperationsplanning.dk\/?page_id=3306"},"modified":"2019-07-10T11:10:40","modified_gmt":"2019-07-10T09:10:40","slug":"pilot-2","status":"publish","type":"page","link":"https:\/\/www.salesandoperationsplanning.dk\/index.php\/resultater\/vaerktojer\/pilot-2\/","title":{"rendered":"Pilot"},"content":{"rendered":"<p>21. <a href=\"http:\/\/www.salesandoperationsplanning.dk\/wp-content\/uploads\/2019\/03\/V\u00e6rkt\u00f8j-21-Evaluering-af-KBIer.pdf\" target=\"_blank\" rel=\"noopener noreferrer\">Evaluering af Key Behavioral Indicators &#8211; KBI&#8217;er<\/a><br \/>\n22. <a href=\"http:\/\/www.salesandoperationsplanning.dk\/wp-content\/uploads\/2019\/03\/V\u00e6rkt\u00f8j-22-Kommunikationsplan.pdf\" target=\"_blank\" rel=\"noopener noreferrer\">Kommunikationsplan<\/a><br \/>\n23. <a href=\"http:\/\/www.salesandoperationsplanning.dk\/wp-content\/uploads\/2019\/03\/V\u00e6rkt\u00f8j-23-M\u00f8deagenda-til-SOP-m\u00f8de.pdf\" target=\"_blank\" rel=\"noopener noreferrer\">M\u00f8deagenda til S&amp;OP<\/a><br \/>\n24. <a href=\"http:\/\/www.salesandoperationsplanning.dk\/wp-content\/uploads\/2019\/03\/V\u00e6rkt\u00f8j-24-Temperaturm\u00e5ling-p\u00e5-forandringen.pdf\" target=\"_blank\" rel=\"noopener noreferrer\">Forandringssurvey<\/a><\/p>\n<div class='content-column one_fifth'><a class=\"img class=&quot;hover&quot; src=&quot;http:\/\/www.salesandoperationsplanning.dk\/wp-content\/uploads\/2018\/08\/Broegger-erhvervspsykologer.png\" href=\"http:\/\/www.salesandoperationsplanning.dk\/index.php\/resultater\/vaerktojer\/erkendelse\"><img loading=\"lazy\" decoding=\"async\" class=\"alignnone wp-image-3294 size-medium\" src=\"http:\/\/www.salesandoperationsplanning.dk\/wp-content\/uploads\/2019\/03\/Erkendelse-300x179.png\" alt=\"\" width=\"300\" height=\"179\" srcset=\"https:\/\/www.salesandoperationsplanning.dk\/wp-content\/uploads\/2019\/03\/Erkendelse-300x179.png 300w, https:\/\/www.salesandoperationsplanning.dk\/wp-content\/uploads\/2019\/03\/Erkendelse-768x457.png 768w, https:\/\/www.salesandoperationsplanning.dk\/wp-content\/uploads\/2019\/03\/Erkendelse.png 835w\" sizes=\"auto, (max-width: 300px) 100vw, 300px\" \/><\/a><\/div><div class='content-column one_fifth'><a href=\"http:\/\/www.salesandoperationsplanning.dk\/index.php\/resultater\/vaerktojer\/analyse-og-diagnose\"><img loading=\"lazy\" decoding=\"async\" class=\"alignnone wp-image-3261 size-medium\" src=\"http:\/\/www.salesandoperationsplanning.dk\/wp-content\/uploads\/2019\/03\/Analyse-og-diagnose-300x179.png\" alt=\"\" width=\"300\" height=\"179\" srcset=\"https:\/\/www.salesandoperationsplanning.dk\/wp-content\/uploads\/2019\/03\/Analyse-og-diagnose-300x179.png 300w, https:\/\/www.salesandoperationsplanning.dk\/wp-content\/uploads\/2019\/03\/Analyse-og-diagnose-768x457.png 768w, https:\/\/www.salesandoperationsplanning.dk\/wp-content\/uploads\/2019\/03\/Analyse-og-diagnose.png 835w\" sizes=\"auto, (max-width: 300px) 100vw, 300px\" \/><\/a><\/div><div class='content-column one_fifth'><a href=\"http:\/\/www.salesandoperationsplanning.dk\/index.php\/resultater\/vaerktojer\/definering-af-sogop-proces-2\/\"><img loading=\"lazy\" decoding=\"async\" class=\"alignnone wp-image-3267 size-medium\" src=\"http:\/\/www.salesandoperationsplanning.dk\/wp-content\/uploads\/2019\/03\/Definering-af-SogOP-proces-300x178.png\" alt=\"\" width=\"300\" height=\"178\" srcset=\"https:\/\/www.salesandoperationsplanning.dk\/wp-content\/uploads\/2019\/03\/Definering-af-SogOP-proces-300x178.png 300w, https:\/\/www.salesandoperationsplanning.dk\/wp-content\/uploads\/2019\/03\/Definering-af-SogOP-proces-768x455.png 768w, https:\/\/www.salesandoperationsplanning.dk\/wp-content\/uploads\/2019\/03\/Definering-af-SogOP-proces.png 838w\" sizes=\"auto, (max-width: 300px) 100vw, 300px\" \/><\/a><\/div><div class='content-column one_fifth'><img loading=\"lazy\" decoding=\"async\" class=\"alignnone wp-image-3672 size-medium\" src=\"http:\/\/www.salesandoperationsplanning.dk\/wp-content\/uploads\/2019\/03\/LYS-Pilot-300x178.png\" alt=\"\" width=\"300\" height=\"178\" srcset=\"https:\/\/www.salesandoperationsplanning.dk\/wp-content\/uploads\/2019\/03\/LYS-Pilot-300x178.png 300w, https:\/\/www.salesandoperationsplanning.dk\/wp-content\/uploads\/2019\/03\/LYS-Pilot-768x456.png 768w, https:\/\/www.salesandoperationsplanning.dk\/wp-content\/uploads\/2019\/03\/LYS-Pilot.png 837w\" sizes=\"auto, (max-width: 300px) 100vw, 300px\" \/><\/div><div class='content-column one_fifth last_column'><a href=\"http:\/\/www.salesandoperationsplanning.dk\/index.php\/resultater\/vaerktojer\/drift-2\/\"><img loading=\"lazy\" decoding=\"async\" class=\"alignnone wp-image-3279 size-medium\" src=\"http:\/\/www.salesandoperationsplanning.dk\/wp-content\/uploads\/2019\/03\/Drift-300x177.png\" alt=\"\" width=\"300\" height=\"177\" srcset=\"https:\/\/www.salesandoperationsplanning.dk\/wp-content\/uploads\/2019\/03\/Drift-300x177.png 300w, https:\/\/www.salesandoperationsplanning.dk\/wp-content\/uploads\/2019\/03\/Drift-768x452.png 768w, https:\/\/www.salesandoperationsplanning.dk\/wp-content\/uploads\/2019\/03\/Drift.png 841w\" sizes=\"auto, (max-width: 300px) 100vw, 300px\" \/><\/a><\/div><div class='clear_column'><\/div>\n<h5>Klik p\u00e5 en fase for at se de v\u00e6rkt\u00f8jer, der h\u00f8rer til &#8230;<\/h5>\n","protected":false},"excerpt":{"rendered":"<p>21. Evaluering af Key Behavioral Indicators &#8211; KBI&#8217;er 22. Kommunikationsplan 23. M\u00f8deagenda til S&amp;OP 24. Forandringssurvey Klik p\u00e5 en fase for at se de v\u00e6rkt\u00f8jer, der h\u00f8rer til &#8230;<\/p>\n","protected":false},"author":14,"featured_media":0,"parent":108,"menu_order":4,"comment_status":"closed","ping_status":"closed","template":"","meta":{"footnotes":""},"class_list":["post-3306","page","type-page","status-publish","hentry"],"_links":{"self":[{"href":"https:\/\/www.salesandoperationsplanning.dk\/index.php\/wp-json\/wp\/v2\/pages\/3306","targetHints":{"allow":["GET"]}}],"collection":[{"href":"https:\/\/www.salesandoperationsplanning.dk\/index.php\/wp-json\/wp\/v2\/pages"}],"about":[{"href":"https:\/\/www.salesandoperationsplanning.dk\/index.php\/wp-json\/wp\/v2\/types\/page"}],"author":[{"embeddable":true,"href":"https:\/\/www.salesandoperationsplanning.dk\/index.php\/wp-json\/wp\/v2\/users\/14"}],"replies":[{"embeddable":true,"href":"https:\/\/www.salesandoperationsplanning.dk\/index.php\/wp-json\/wp\/v2\/comments?post=3306"}],"version-history":[{"count":11,"href":"https:\/\/www.salesandoperationsplanning.dk\/index.php\/wp-json\/wp\/v2\/pages\/3306\/revisions"}],"predecessor-version":[{"id":4240,"href":"https:\/\/www.salesandoperationsplanning.dk\/index.php\/wp-json\/wp\/v2\/pages\/3306\/revisions\/4240"}],"up":[{"embeddable":true,"href":"https:\/\/www.salesandoperationsplanning.dk\/index.php\/wp-json\/wp\/v2\/pages\/108"}],"wp:attachment":[{"href":"https:\/\/www.salesandoperationsplanning.dk\/index.php\/wp-json\/wp\/v2\/media?parent=3306"}],"curies":[{"name":"wp","href":"https:\/\/api.w.org\/{rel}","templated":true}]}}