{"id":39,"date":"2017-03-29T11:01:12","date_gmt":"2017-03-29T09:01:12","guid":{"rendered":"http:\/\/www.salesandoperationsplanning.dk\/?page_id=39"},"modified":"2017-11-14T13:12:21","modified_gmt":"2017-11-14T12:12:21","slug":"resultater","status":"publish","type":"page","link":"https:\/\/www.salesandoperationsplanning.dk\/index.php\/resultater\/","title":{"rendered":"Resultater"},"content":{"rendered":"<p>Herunder\u00a0vil\u00a0projektets resultater blive offentliggjort i form af blandt andet videoklip, praksisrettede artikler og udviklende v\u00e6rkt\u00f8jsh\u00e6fter i relation til de forskellige faser af projektet.<\/p>\n<p><strong>Fase 1:<\/strong> Litteraturstudier.<\/p>\n<p><strong>Fase 2:<\/strong> <strong><a href=\"http:\/\/www.salesandoperationsplanning.dk\/index.php\/resultater-2\/\">Best practices<\/a><\/strong>\u00a0og implementering i danske virksomheder.<\/p>\n<p><strong>Fase 3:<\/strong> S&amp;OP\u00a0<a href=\"http:\/\/www.salesandoperationsplanning.dk\/index.php\/10-implementerings-forlob\/\"><strong>implementeringsforl\u00f8b<\/strong><\/a> i 10 virksomheder.<\/p>\n<p><strong>Fase 4:<\/strong> Udbredelsen af S&amp;OP i Danmark, herunder at identificere \u00e5rsager til, hvorfor S&amp;OP ikke anvendes\/anvendes; drivkr\u00e6fter og barrierer; succeskriterier for implementering og den konkrete effekt p\u00e5 performance.<\/p>\n<p><strong>Fase 5:<\/strong>\u00a0Videomateriale om hele forl\u00f8bet offentligg\u00f8res sammen med et antal praksisrettede artikler og udviklede v\u00e6rkt\u00f8jsh\u00e6fter.<\/p>\n","protected":false},"excerpt":{"rendered":"<p>Herunder\u00a0vil\u00a0projektets resultater blive offentliggjort i form af blandt andet videoklip, praksisrettede artikler og udviklende v\u00e6rkt\u00f8jsh\u00e6fter i relation til de forskellige faser af projektet. Fase 1: Litteraturstudier. Fase 2: Best practices\u00a0og&#8230; <\/p>\n","protected":false},"author":2,"featured_media":1491,"parent":0,"menu_order":0,"comment_status":"closed","ping_status":"closed","template":"","meta":{"footnotes":""},"class_list":["post-39","page","type-page","status-publish","has-post-thumbnail","hentry"],"_links":{"self":[{"href":"https:\/\/www.salesandoperationsplanning.dk\/index.php\/wp-json\/wp\/v2\/pages\/39","targetHints":{"allow":["GET"]}}],"collection":[{"href":"https:\/\/www.salesandoperationsplanning.dk\/index.php\/wp-json\/wp\/v2\/pages"}],"about":[{"href":"https:\/\/www.salesandoperationsplanning.dk\/index.php\/wp-json\/wp\/v2\/types\/page"}],"author":[{"embeddable":true,"href":"https:\/\/www.salesandoperationsplanning.dk\/index.php\/wp-json\/wp\/v2\/users\/2"}],"replies":[{"embeddable":true,"href":"https:\/\/www.salesandoperationsplanning.dk\/index.php\/wp-json\/wp\/v2\/comments?post=39"}],"version-history":[{"count":6,"href":"https:\/\/www.salesandoperationsplanning.dk\/index.php\/wp-json\/wp\/v2\/pages\/39\/revisions"}],"predecessor-version":[{"id":2027,"href":"https:\/\/www.salesandoperationsplanning.dk\/index.php\/wp-json\/wp\/v2\/pages\/39\/revisions\/2027"}],"wp:featuredmedia":[{"embeddable":true,"href":"https:\/\/www.salesandoperationsplanning.dk\/index.php\/wp-json\/wp\/v2\/media\/1491"}],"wp:attachment":[{"href":"https:\/\/www.salesandoperationsplanning.dk\/index.php\/wp-json\/wp\/v2\/media?parent=39"}],"curies":[{"name":"wp","href":"https:\/\/api.w.org\/{rel}","templated":true}]}}