{"id":45,"date":"2017-03-29T11:01:39","date_gmt":"2017-03-29T09:01:39","guid":{"rendered":"http:\/\/www.salesandoperationsplanning.dk\/?page_id=45"},"modified":"2017-11-15T13:54:42","modified_gmt":"2017-11-15T12:54:42","slug":"projektets-faser","status":"publish","type":"page","link":"https:\/\/www.salesandoperationsplanning.dk\/index.php\/projektets-faser\/","title":{"rendered":"Projektets faser"},"content":{"rendered":"<h2>S&amp;OP projektet\u00a0best\u00e5r af\u00a0fem faser:<\/h2>\n<p><a href=\"http:\/\/www.salesandoperationsplanning.dk\/index.php\/fase-1\/\"><strong>Fase 1:<\/strong><\/a> Litteraturgennemgang<br \/>\n<a href=\"http:\/\/www.salesandoperationsplanning.dk\/index.php\/fase-2\/\"><strong>Fase 2:<\/strong><\/a> Kortl\u00e6ning af best practices i implementeringen af S&amp;OP blandt 5 danske \u00a0 \u00a0 \u00a0 \u00a0 \u00a0 \u00a0 virksomheder<br \/>\n<a href=\"http:\/\/www.salesandoperationsplanning.dk\/index.php\/fase-3\/\"><strong>Fase 3:<\/strong><\/a>\u00a0Studier af S&amp;OP implementeringsforl\u00f8b i 10 virksomheder<br \/>\n<a href=\"http:\/\/www.salesandoperationsplanning.dk\/index.php\/fase-4\/\"><strong>Fase 4:<\/strong><\/a> Sp\u00f8rgeskemaunders\u00f8gelse, der har til form\u00e5l at afd\u00e6kke udbredelsen af S&amp;OP i Danmark<br \/>\n<a href=\"http:\/\/www.salesandoperationsplanning.dk\/index.php\/fase-5\/\"><strong>Fase 5:<\/strong><\/a> Afholdelse af to halvdagskonferencer, hvor projektets samlede resultater formidles<\/p>\n<p>Yderligere information om de enkelte faser findes under de respektive faser.<\/p>\n","protected":false},"excerpt":{"rendered":"<p>S&amp;OP projektet\u00a0best\u00e5r af\u00a0fem faser: Fase 1: Litteraturgennemgang Fase 2: Kortl\u00e6ning af best practices i implementeringen af S&amp;OP blandt 5 danske \u00a0 \u00a0 \u00a0 \u00a0 \u00a0 \u00a0 virksomheder Fase 3:\u00a0Studier af&#8230; <\/p>\n","protected":false},"author":2,"featured_media":1497,"parent":0,"menu_order":0,"comment_status":"closed","ping_status":"closed","template":"","meta":{"footnotes":""},"class_list":["post-45","page","type-page","status-publish","has-post-thumbnail","hentry"],"_links":{"self":[{"href":"https:\/\/www.salesandoperationsplanning.dk\/index.php\/wp-json\/wp\/v2\/pages\/45","targetHints":{"allow":["GET"]}}],"collection":[{"href":"https:\/\/www.salesandoperationsplanning.dk\/index.php\/wp-json\/wp\/v2\/pages"}],"about":[{"href":"https:\/\/www.salesandoperationsplanning.dk\/index.php\/wp-json\/wp\/v2\/types\/page"}],"author":[{"embeddable":true,"href":"https:\/\/www.salesandoperationsplanning.dk\/index.php\/wp-json\/wp\/v2\/users\/2"}],"replies":[{"embeddable":true,"href":"https:\/\/www.salesandoperationsplanning.dk\/index.php\/wp-json\/wp\/v2\/comments?post=45"}],"version-history":[{"count":8,"href":"https:\/\/www.salesandoperationsplanning.dk\/index.php\/wp-json\/wp\/v2\/pages\/45\/revisions"}],"predecessor-version":[{"id":2183,"href":"https:\/\/www.salesandoperationsplanning.dk\/index.php\/wp-json\/wp\/v2\/pages\/45\/revisions\/2183"}],"wp:featuredmedia":[{"embeddable":true,"href":"https:\/\/www.salesandoperationsplanning.dk\/index.php\/wp-json\/wp\/v2\/media\/1497"}],"wp:attachment":[{"href":"https:\/\/www.salesandoperationsplanning.dk\/index.php\/wp-json\/wp\/v2\/media?parent=45"}],"curies":[{"name":"wp","href":"https:\/\/api.w.org\/{rel}","templated":true}]}}