{"id":5,"date":"2017-03-23T09:05:55","date_gmt":"2017-03-23T08:05:55","guid":{"rendered":"http:\/\/sam-wordpress0a.sam.sdu.dk\/salesopplan\/?page_id=2"},"modified":"2025-11-13T19:43:51","modified_gmt":"2025-11-13T18:43:51","slug":"hjem","status":"publish","type":"page","link":"https:\/\/www.salesandoperationsplanning.dk\/","title":{"rendered":""},"content":{"rendered":"<p style=\"text-align: left;\"><img loading=\"lazy\" decoding=\"async\" class=\"wp-image-1578 size-thumbnail alignright\" src=\"http:\/\/www.salesandoperationsplanning.dk\/wp-content\/uploads\/2017\/03\/SDU_BLACK_RGB.ai_-pdf-150x52.jpg\" alt=\"\" width=\"150\" height=\"52\" \/><\/p>\n<p><span style=\"color: #ffffff;\">.<\/span><br \/>\n<span style=\"color: #ffffff;\">.<\/span><br \/>\n<span style=\"color: #ffffff;\">.<\/span><\/p>\n<h1 style=\"text-align: center;\">S&amp;OP<\/h1>\n<p style=\"text-align: center;\">S&amp;OP er et 2-\u00e5rigt projekt med et form\u00e5l om at udvikle ny viden om, hvorledes danske virksomheder kan skabe \u00f8get konkurrencekraft gennem implementering af tv\u00e6rg\u00e5ende Sales &amp; Operations Planning processer.<\/p>\n<p style=\"text-align: center;\"><strong>Projektet er st\u00f8ttet af <a href=\"https:\/\/www.industriensfond.dk\/SOP\" target=\"_blank\" rel=\"noopener noreferrer\">Industriens Fond<\/a><\/strong>.<\/p>\n<p><a href=\"https:\/\/www.industriensfond.dk\/SOP\" target=\"_blank\" rel=\"noopener noreferrer\"><img loading=\"lazy\" decoding=\"async\" class=\"wp-image-417 size-full aligncenter\" src=\"http:\/\/www.salesandoperationsplanning.dk\/wp-content\/uploads\/2017\/05\/Industriens-Fond-1-e1503472844757.jpg\" alt=\"\" width=\"150\" height=\"150\" \/><\/a><\/p>\n<hr \/>\n<h1 style=\"text-align: center;\">Se videoer om &#8230;<span style=\"color: #ffffff;\">&#8230;&#8230;&#8230;..<\/span><\/h1>\n<p style=\"text-align: left;\"><a href=\"https:\/\/youtu.be\/oAiSeTtIMpE\" target=\"_blank\" rel=\"noopener noreferrer\"><strong>S&amp;OP projektet<\/strong><\/a><\/p>\n<p style=\"text-align: center;\"><div class=\"su-row\"><div class=\"su-column su-column-size-1-2\"><div class=\"su-column-inner su-u-clearfix su-u-trim\"><a href=\"https:\/\/youtu.be\/WC9kSmhNqLA\" target=\"_blank\" rel=\"noopener noreferrer\"><strong>S&amp;OP &#8211; Det sidste g\u00e5 hjem m\u00f8de<\/strong><\/a><\/div><\/div> <div class=\"su-column su-column-size-1-2\"><div class=\"su-column-inner su-u-clearfix su-u-trim\"><strong><a href=\"https:\/\/youtu.be\/8UUxXffMX5I\" target=\"_blank\" rel=\"noopener noreferrer\">S&amp;OP hos Bryggeriet Vestfyen<\/a><\/strong><\/div><\/div><\/div>\n<p style=\"text-align: center;\"><div class=\"su-row\"><div class=\"su-column su-column-size-1-2\"><div class=\"su-column-inner su-u-clearfix su-u-trim\"><strong><a href=\"https:\/\/youtu.be\/eZWCdltOpzg\" target=\"_blank\" rel=\"noopener noreferrer\">S&amp;OP hos Bramming Plast-Industri<\/a><\/strong><\/div><\/div><div class=\"su-column su-column-size-1-2\"><div class=\"su-column-inner su-u-clearfix su-u-trim\"><strong><a href=\"https:\/\/youtu.be\/uAbwxwE1MPA\" target=\"_blank\" rel=\"noopener noreferrer\">S&amp;OP hos SPORT24 BUSINESS<\/a><\/strong><\/div><\/div><\/div>\n<p style=\"text-align: center;\"><div class=\"su-row\"><div class=\"su-column su-column-size-1-2\"><div class=\"su-column-inner su-u-clearfix su-u-trim\"><strong><a href=\"https:\/\/youtu.be\/9AvjyG3FyeU\" target=\"_blank\" rel=\"noopener noreferrer\">S&amp;OP med fokus p\u00e5 mennesket<\/a><br \/>\n(Mac Baren Tobacco Company)<\/strong><\/div><\/div> <div class=\"su-column su-column-size-1-2\"><div class=\"su-column-inner su-u-clearfix su-u-trim\"><strong><a href=\"https:\/\/youtu.be\/ENQ8zmKuZOY\" target=\"_blank\" rel=\"noopener noreferrer\">S&amp;OP hos Mac Baren Tobacco Company<\/a> (Direktionen)<\/strong><\/div><\/div><\/div>\n<hr \/>\n<h2 style=\"text-align: center;\">Arrangementer i Sales &amp; Operations Planning projektet<\/h2>\n<h6 style=\"text-align: center;\"><span style=\"color: #ffffff;\">.<\/span>Se materiale fra <a href=\"http:\/\/www.salesandoperationsplanning.dk\/index.php\/arrangementer\/\"><strong>tidligere arrangementer ved at klikke her<\/strong><\/a> &#8230;<\/h6>\n<p style=\"text-align: center;\"><blockquote class=\"otw-sc-quote background qoute\"><p class=\"otw-silver-background\">&#8220;S&amp;OP er nyt for virksomheden og ogs\u00e5 for mig. Jeg er netop blevet udn\u00e6vnt S&amp;OP manager og skal balancere demand og supply processen. Det kommer i h\u00f8j grad til at handle om Stakeholder Management, men ogs\u00e5 om fokus p\u00e5 hvordan kapaciteten bruges og dermed af graden af servicering af vores kunder.&#8221;\u00a0\u00a0<em><b>S&amp;OP Manager Dick Esmark, <a href=\"http:\/\/www.salesandoperationsplanning.dk\/index.php\/resultater\/10-implementerings-forlob\/mac-baren\/\">Mac Baren Tobacco Company<\/a><\/b><\/em><\/p><\/blockquote>\n","protected":false},"excerpt":{"rendered":"<p>. . . S&amp;OP S&amp;OP er et 2-\u00e5rigt projekt med et form\u00e5l om at udvikle ny viden om, hvorledes danske virksomheder kan skabe \u00f8get konkurrencekraft gennem implementering af tv\u00e6rg\u00e5ende Sales&#8230; <\/p>\n","protected":false},"author":2,"featured_media":1527,"parent":0,"menu_order":1,"comment_status":"closed","ping_status":"closed","template":"page-templates\/fullwidth.php","meta":{"footnotes":""},"class_list":["post-5","page","type-page","status-publish","has-post-thumbnail","hentry"],"_links":{"self":[{"href":"https:\/\/www.salesandoperationsplanning.dk\/index.php\/wp-json\/wp\/v2\/pages\/5","targetHints":{"allow":["GET"]}}],"collection":[{"href":"https:\/\/www.salesandoperationsplanning.dk\/index.php\/wp-json\/wp\/v2\/pages"}],"about":[{"href":"https:\/\/www.salesandoperationsplanning.dk\/index.php\/wp-json\/wp\/v2\/types\/page"}],"author":[{"embeddable":true,"href":"https:\/\/www.salesandoperationsplanning.dk\/index.php\/wp-json\/wp\/v2\/users\/2"}],"replies":[{"embeddable":true,"href":"https:\/\/www.salesandoperationsplanning.dk\/index.php\/wp-json\/wp\/v2\/comments?post=5"}],"version-history":[{"count":109,"href":"https:\/\/www.salesandoperationsplanning.dk\/index.php\/wp-json\/wp\/v2\/pages\/5\/revisions"}],"predecessor-version":[{"id":4287,"href":"https:\/\/www.salesandoperationsplanning.dk\/index.php\/wp-json\/wp\/v2\/pages\/5\/revisions\/4287"}],"wp:featuredmedia":[{"embeddable":true,"href":"https:\/\/www.salesandoperationsplanning.dk\/index.php\/wp-json\/wp\/v2\/media\/1527"}],"wp:attachment":[{"href":"https:\/\/www.salesandoperationsplanning.dk\/index.php\/wp-json\/wp\/v2\/media?parent=5"}],"curies":[{"name":"wp","href":"https:\/\/api.w.org\/{rel}","templated":true}]}}