{"id":51,"date":"2017-03-29T11:02:14","date_gmt":"2017-03-29T09:02:14","guid":{"rendered":"http:\/\/www.salesandoperationsplanning.dk\/?page_id=51"},"modified":"2018-08-15T15:17:09","modified_gmt":"2018-08-15T13:17:09","slug":"relationer","status":"publish","type":"page","link":"https:\/\/www.salesandoperationsplanning.dk\/index.php\/relationer\/","title":{"rendered":"Relationer"},"content":{"rendered":"<p style=\"margin: 0cm 0cm 18.0pt 0cm;\"><span style=\"font-size: 13.0pt; font-family: 'Lora','serif'; color: #383838;\"><a href=\"https:\/\/www.industriensfond.dk\/SOP\" target=\"_blank\" rel=\"noopener\"><img loading=\"lazy\" decoding=\"async\" class=\"aligncenter wp-image-417 size-full\" src=\"http:\/\/www.salesandoperationsplanning.dk\/wp-content\/uploads\/2017\/05\/Industriens-Fond-1-e1503472844757.jpg\" alt=\"\" width=\"150\" height=\"150\" \/><\/a><\/span><\/p>\n<p style=\"margin: 0cm 0cm 18.0pt 0cm;\"><span style=\"font-size: 13.0pt; font-family: 'Lora','serif'; color: #383838;\">Forskningsprojektet bliver st\u00f8ttet af Industriens Fond, der arbejder p\u00e5 at styrke dansk erhvervslivs konkurrenceevne. Fonden\u00a0vil l\u00f8bende v\u00e6re behj\u00e6lpelig med at g\u00f8re projektets resultater\u00a0tilg\u00e6ngelige p\u00e5 Industriens Fonds hjemmeside gennem videoer og artikler<br \/>\n&#8211;\u00a0<a href=\"https:\/\/www.industriensfond.dk\/SOP\" target=\"_blank\" rel=\"noopener\">industriensfond.dk<\/a><\/span><\/p>\n<p><a href=\"http:\/\/www.mercuriurval.com\" target=\"_blank\" rel=\"noopener\"><img loading=\"lazy\" decoding=\"async\" class=\"aligncenter wp-image-420 size-full\" src=\"http:\/\/www.salesandoperationsplanning.dk\/wp-content\/uploads\/2017\/05\/Mercuri-Urval-1-e1503474746304.jpg\" alt=\"\" width=\"250\" height=\"64\" \/><\/a><\/p>\n<p><span style=\"font-size: 13.0pt; font-family: 'Lora','serif'; color: #383838;\">Direkt\u00f8r S\u00f8ren Eckhardt fra Mercuri Urval vil sammen med seniorkonsulenter og specialister fra virksomheden bidrage i forhold til personlighedstyper i S&amp;OP processen.\u00a0Mercuri Urval har mange \u00e5rs erfaring i at rekruttere b\u00e5de salgs og supply chain personale og har stor indsigt i forskellige personlighedsprofiler. De bidrager med at inddrage personprofiler som analyseelement til at sk\u00e6rpe bevidstheden om, at det er mennesker der g\u00f8r forskellen p\u00e5, om ting bliver eksekveret succesfuldt eller ej<br \/>\n&#8211; <a href=\"http:\/\/www.mercuriurval.com\" target=\"_blank\" rel=\"noopener\">mercuriurval.com<\/a><\/span><\/p>\n<p><span style=\"font-size: 13.0pt; font-family: 'Lora','serif'; color: #383838;\"><br \/>\n<\/span><a href=\"http:\/\/implementconsultinggroup.com\/\" target=\"_blank\" rel=\"noopener\"><img loading=\"lazy\" decoding=\"async\" class=\"aligncenter wp-image-2501 size-medium\" src=\"http:\/\/www.salesandoperationsplanning.dk\/wp-content\/uploads\/2017\/12\/Implement-300x102.png\" alt=\"\" width=\"300\" height=\"102\" srcset=\"https:\/\/www.salesandoperationsplanning.dk\/wp-content\/uploads\/2017\/12\/Implement-300x102.png 300w, https:\/\/www.salesandoperationsplanning.dk\/wp-content\/uploads\/2017\/12\/Implement.png 335w\" sizes=\"auto, (max-width: 300px) 100vw, 300px\" \/><\/a><span style=\"font-size: 13.0pt; font-family: 'Lora','serif'; color: #383838;\">Einar Scholte fra Implement Consulting Group vil assistere implementering af S&amp;OP processer i 5 virksomheder.<br \/>\nImplement Consulting Group har specialiseret sig inden for strategier og integration i supply chains og har stor erfaring med etablering og styrkelse af Sales &amp; Operation Planning processer<br \/>\n&#8211; <a href=\"http:\/\/implementconsultinggroup.com\/\" target=\"_blank\" rel=\"noopener\">implementconsultinggroup.com<\/a><\/span><\/p>\n<p><span style=\"font-size: 13.0pt; font-family: 'Lora','serif'; color: #383838;\"><br \/>\n<\/span><a href=\"https:\/\/4improve.dk\/\" target=\"_blank\" rel=\"noopener\"><img loading=\"lazy\" decoding=\"async\" class=\"aligncenter wp-image-1326 size-full\" src=\"http:\/\/www.salesandoperationsplanning.dk\/wp-content\/uploads\/2017\/03\/4Improve-e1505115274638.jpg\" alt=\"\" width=\"175\" height=\"98\" \/><\/a><span style=\"font-size: 13.0pt; font-family: 'Lora','serif'; color: #383838;\">4IMPROVE Consulting Group vil assistere implementering af S&amp;OP processer i 5 virksomheder. 4IMPROVE Consulting Group har specialiseret sig inden for strategier og integration i supply chains og har stor erfaring med etablering og styrkelse af Sales &amp; Operation Planning processer<br \/>\n&#8211; <a href=\"https:\/\/4improve.dk\/\" target=\"_blank\" rel=\"noopener\">4improve.dk<\/a><\/span><\/p>\n<p><img loading=\"lazy\" decoding=\"async\" class=\"size-medium wp-image-3047 aligncenter\" src=\"http:\/\/www.salesandoperationsplanning.dk\/wp-content\/uploads\/2018\/08\/Broegger-erhvervspsykologer-300x71.png\" alt=\"\" width=\"300\" height=\"71\" srcset=\"https:\/\/www.salesandoperationsplanning.dk\/wp-content\/uploads\/2018\/08\/Broegger-erhvervspsykologer-300x71.png 300w, https:\/\/www.salesandoperationsplanning.dk\/wp-content\/uploads\/2018\/08\/Broegger-erhvervspsykologer.png 640w\" sizes=\"auto, (max-width: 300px) 100vw, 300px\" \/><\/p>\n<p>BR\u00d8GGER Erhvervspsykologer er sparringspartner i S&amp;OP projektet. De servicerer organisationer, teams og mennesker med henblik p\u00e5 at skabe v\u00e6kst og merv\u00e6rdi i form af udvikling, og de tror p\u00e5, at balance mellem organisationens resultater p\u00e5 den ene side og de menneskelige vilk\u00e5r for trivsel p\u00e5 den anden side er afg\u00f8rende for at sikre fortsat v\u00e6kst.<br \/>\n&#8211; <a href=\"http:\/\/broegger.org\/dk\/forside\/\" target=\"_blank\" rel=\"noopener\">broegger.org<\/a><\/p>\n<hr \/>\n<p style=\"font-variant-ligatures: normal; font-variant-caps: normal; orphans: 2; text-align: start; widows: 2; -webkit-text-stroke-width: 0px; text-decoration-style: initial; text-decoration-color: initial; word-spacing: 0px; margin: 0cm 0cm 18.0pt 0cm;\"><span style=\"font-size: 13pt;\"><strong><span style=\"font-family: 'Lora','serif'; color: #383838;\">Formidling af projektets resultater vil l\u00f8bende blive offentliggjort i samarbejde med faglige organisationer, blandt andet:<\/span><\/strong><\/span><\/p>\n<p style=\"font-variant-ligatures: normal; font-variant-caps: normal; orphans: 2; text-align: start; widows: 2; -webkit-text-stroke-width: 0px; text-decoration-style: initial; text-decoration-color: initial; word-spacing: 0px; margin: 0cm 0cm 18.0pt 0cm;\"><span style=\"font-size: 13.0pt; font-family: 'Lora','serif'; color: #383838;\"><a href=\"http:\/\/di.dk\/Pages\/Forsiden.aspx\" target=\"_blank\" rel=\"noopener\"><img loading=\"lazy\" decoding=\"async\" class=\"aligncenter wp-image-342 size-full\" src=\"http:\/\/www.salesandoperationsplanning.dk\/wp-content\/uploads\/2017\/05\/Dansk-Industri-e1503473005164.png\" alt=\"\" width=\"150\" height=\"92\" \/><\/a><\/span><\/p>\n<p style=\"font-variant-ligatures: normal; font-variant-caps: normal; orphans: 2; text-align: start; widows: 2; -webkit-text-stroke-width: 0px; text-decoration-style: initial; text-decoration-color: initial; word-spacing: 0px; margin: 0cm 0cm 18.0pt 0cm;\"><span style=\"font-size: 13.0pt; font-family: 'Lora','serif'; color: #383838;\">Dansk Industri, der hj\u00e6lper danske virksomheder med at vinde gennem \u00f8get konkurrenceevne<br \/>\n&#8211;\u00a0<a href=\"http:\/\/di.dk\/Pages\/Forsiden.aspx\" target=\"_blank\" rel=\"noopener\">di.dk<\/a><\/span><\/p>\n<p><a href=\"https:\/\/www.dilf.dk\" target=\"_blank\" rel=\"noopener\"><img loading=\"lazy\" decoding=\"async\" class=\"aligncenter wp-image-990 size-full\" src=\"http:\/\/www.salesandoperationsplanning.dk\/wp-content\/uploads\/2017\/08\/DILF_Viden_i_netvaerk.png\" alt=\"\" width=\"236\" height=\"136\" \/><\/a><\/p>\n<p style=\"font-variant-ligatures: normal; font-variant-caps: normal; orphans: 2; text-align: start; widows: 2; -webkit-text-stroke-width: 0px; text-decoration-style: initial; text-decoration-color: initial; word-spacing: 0px; margin: 0cm 0cm 18.0pt 0cm;\"><span style=\"font-size: 13.0pt; font-family: 'Lora','serif'; color: #383838;\">Dansk Indk\u00f8bs- og Logistik Forum (Dilf), som har til form\u00e5l at \u00f8ge interessen for indk\u00f8b, logistik og besl\u00e6gtede omr\u00e5der. Dilf faciliterer blandt andet erfaringsgrupper inden for S&amp;OP.<br \/>\n&#8211; <a href=\"https:\/\/www.dilf.dk\" target=\"_blank\" rel=\"noopener\">dilf.dk<\/a><\/span><\/p>\n<p><a href=\"http:\/\/www.businessdanmark.dk\/\" target=\"_blank\" rel=\"noopener\"><img loading=\"lazy\" decoding=\"async\" class=\"aligncenter wp-image-408 size-full\" src=\"http:\/\/www.salesandoperationsplanning.dk\/wp-content\/uploads\/2017\/05\/Business-Danmark-1-e1503473786797.jpg\" alt=\"\" width=\"250\" height=\"107\" \/><\/a><\/p>\n<p style=\"font-variant-ligatures: normal; font-variant-caps: normal; orphans: 2; text-align: start; widows: 2; -webkit-text-stroke-width: 0px; text-decoration-style: initial; text-decoration-color: initial; word-spacing: 0px; margin: 0cm 0cm 18.0pt 0cm;\"><span style=\"font-size: 13.0pt; font-family: 'Lora','serif'; color: #383838;\">Business Danmark, der organiserer medarbejdere og ledere indenfor\u00a0salg,\u00a0marketing og\u00a0r\u00e5dgivning, udgiver via sin hjemmeside online-magasinet<span class=\"apple-converted-space\">\u00a0<\/span><i>InBusiness<\/i>.<br \/>\n&#8211; <a href=\"http:\/\/www.businessdanmark.dk\" target=\"_blank\" rel=\"noopener\">businessdanmark.dk<\/a><\/span><\/p>\n<p style=\"font-variant-ligatures: normal; font-variant-caps: normal; orphans: 2; text-align: start; widows: 2; -webkit-text-stroke-width: 0px; text-decoration-style: initial; text-decoration-color: initial; word-spacing: 0px; margin: 0cm 0cm 18.0pt 0cm;\"><span style=\"font-size: 13.0pt; font-family: 'Lora','serif'; color: #383838;\"><a href=\"http:\/\/www.scm.dk\" target=\"_blank\" rel=\"noopener\"><img loading=\"lazy\" decoding=\"async\" class=\"aligncenter wp-image-594 size-full\" src=\"http:\/\/www.salesandoperationsplanning.dk\/wp-content\/uploads\/2017\/03\/SCM-Logistik-e1503473968452.png\" alt=\"\" width=\"150\" height=\"96\" \/><\/a><\/span><\/p>\n<p style=\"font-variant-ligatures: normal; font-variant-caps: normal; orphans: 2; text-align: start; widows: 2; -webkit-text-stroke-width: 0px; text-decoration-style: initial; text-decoration-color: initial; word-spacing: 0px; margin: 0cm 0cm 18.0pt 0cm;\"><span style=\"font-size: 13.0pt; font-family: 'Lora','serif'; color: #383838;\">Poul Breil-Hansen, SCM &amp; Logistik Magasinet &#8211;\u00a0Danmarks st\u00f8rste nyhedsunivers for professionelle om ledelse af hele forsyningsk\u00e6den<br \/>\n&#8211; <a href=\"http:\/\/www.scm.dk\" target=\"_blank\" rel=\"noopener\">scm.dk<\/a><\/span><\/p>\n","protected":false},"excerpt":{"rendered":"<p>Forskningsprojektet bliver st\u00f8ttet af Industriens Fond, der arbejder p\u00e5 at styrke dansk erhvervslivs konkurrenceevne. Fonden\u00a0vil l\u00f8bende v\u00e6re behj\u00e6lpelig med at g\u00f8re projektets resultater\u00a0tilg\u00e6ngelige p\u00e5 Industriens Fonds hjemmeside gennem videoer og&#8230; <\/p>\n","protected":false},"author":2,"featured_media":1500,"parent":0,"menu_order":0,"comment_status":"closed","ping_status":"closed","template":"","meta":{"footnotes":""},"class_list":["post-51","page","type-page","status-publish","has-post-thumbnail","hentry"],"_links":{"self":[{"href":"https:\/\/www.salesandoperationsplanning.dk\/index.php\/wp-json\/wp\/v2\/pages\/51","targetHints":{"allow":["GET"]}}],"collection":[{"href":"https:\/\/www.salesandoperationsplanning.dk\/index.php\/wp-json\/wp\/v2\/pages"}],"about":[{"href":"https:\/\/www.salesandoperationsplanning.dk\/index.php\/wp-json\/wp\/v2\/types\/page"}],"author":[{"embeddable":true,"href":"https:\/\/www.salesandoperationsplanning.dk\/index.php\/wp-json\/wp\/v2\/users\/2"}],"replies":[{"embeddable":true,"href":"https:\/\/www.salesandoperationsplanning.dk\/index.php\/wp-json\/wp\/v2\/comments?post=51"}],"version-history":[{"count":33,"href":"https:\/\/www.salesandoperationsplanning.dk\/index.php\/wp-json\/wp\/v2\/pages\/51\/revisions"}],"predecessor-version":[{"id":3053,"href":"https:\/\/www.salesandoperationsplanning.dk\/index.php\/wp-json\/wp\/v2\/pages\/51\/revisions\/3053"}],"wp:featuredmedia":[{"embeddable":true,"href":"https:\/\/www.salesandoperationsplanning.dk\/index.php\/wp-json\/wp\/v2\/media\/1500"}],"wp:attachment":[{"href":"https:\/\/www.salesandoperationsplanning.dk\/index.php\/wp-json\/wp\/v2\/media?parent=51"}],"curies":[{"name":"wp","href":"https:\/\/api.w.org\/{rel}","templated":true}]}}