{"id":57,"date":"2017-03-29T11:02:46","date_gmt":"2017-03-29T09:02:46","guid":{"rendered":"http:\/\/www.salesandoperationsplanning.dk\/?page_id=57"},"modified":"2020-06-30T08:44:16","modified_gmt":"2020-06-30T06:44:16","slug":"presse","status":"publish","type":"page","link":"https:\/\/www.salesandoperationsplanning.dk\/index.php\/presse\/","title":{"rendered":"Presse"},"content":{"rendered":"<h2>Jydske Vestkysten<\/h2>\n<ul>\n<li><a href=\"https:\/\/www.jv.dk\/erhverv\/Bedre-arbejdsmiljoe-og-hoejere-effektivitet-Forskningsprojekt-fra-SDU-er-stor-succes-hos-virksomheder\/artikel\/2700281\" target=\"_blank\" rel=\"noopener noreferrer\">Bedre arbejdsmilj\u00f8 og h\u00f8jere effektivitet: Forskningsprojekt fra SDU er stor succes hos virksomheder<\/a><\/li>\n<li><a href=\"https:\/\/www.jv.dk\/erhverv\/Takket-vaere-forskningsprojekt-Nu-moeder-de-til-tiden-hos-Bramming-Plast-Industri\/artikel\/2700282\" target=\"_blank\" rel=\"noopener noreferrer\">Takket v\u00e6re forskningsprojekt: Nu m\u00f8der de til tiden hos Bramming Plast-Industri<\/a> (+artikel)<\/li>\n<li><a href=\"https:\/\/www.jv.dk\/erhverv\/200-industrifolk-gav-rosende-ord-og-bifald-til-forskere\/artikel\/2700283\" target=\"_blank\" rel=\"noopener noreferrer\">200 industrifolk gav rosende ord og bifald til forskere<\/a> (+artikel)<\/li>\n<\/ul>\n<h2>SCM &amp; Logistik<\/h2>\n<ul>\n<li><a href=\"http:\/\/www.salesandoperationsplanning.dk\/wp-content\/uploads\/2017\/04\/SOP-90-procent-mennesker-og-10-procent-teknik.pdf\" target=\"_blank\" rel=\"noopener noreferrer\">S&amp;OP &#8211; 90 procent mennesker og 10 procent teknik<\/a><\/li>\n<li><a href=\"http:\/\/www.salesandoperationsplanning.dk\/wp-content\/uploads\/2017\/03\/Sales-Operations-Planning-Mac-Baren-1.pdf\" target=\"_blank\" rel=\"noopener noreferrer\">Sales &amp; Operations Planning hos Mac Baren Tobacco Company<\/a><\/li>\n<li><a href=\"http:\/\/www.salesandoperationsplanning.dk\/wp-content\/uploads\/2017\/06\/SOP-kan-afbalancere-virksomheder-med-sk\u00e6ve-v\u00e6rdik\u00e6der.pdf\" target=\"_blank\" rel=\"noopener noreferrer\">S&amp;OP kan afbalancere virksomheder med sk\u00e6ve v\u00e6rdik\u00e6der<\/a><\/li>\n<li><a href=\"http:\/\/www.salesandoperationsplanning.dk\/wp-content\/uploads\/2019\/02\/SOP-kr\u00e6ver-mere-fokus-p\u00e5-relationer-og-adf\u00e6rd.pdf\" target=\"_blank\" rel=\"noopener noreferrer\">S&amp;OP kr\u00e6ver mere fokus p\u00e5 relationer og adf\u00e6rd<\/a><\/li>\n<li><a href=\"http:\/\/www.salesandoperationsplanning.dk\/wp-content\/uploads\/2019\/02\/Selvindsigt-baner-vejen-for-meget-bedre-SOP.pdf\" target=\"_blank\" rel=\"noopener noreferrer\">Selvindsigt baner vejen for (meget) bedre S&amp;OP<\/a><\/li>\n<li><a href=\"http:\/\/www.salesandoperationsplanning.dk\/wp-content\/uploads\/2019\/05\/Forord_SCM_05.pdf\" target=\"_blank\" rel=\"noopener noreferrer\">Hold balancen<\/a><\/li>\n<li><a href=\"http:\/\/www.salesandoperationsplanning.dk\/wp-content\/uploads\/2019\/05\/SOP_SCM_05.pdf\" target=\"_blank\" rel=\"noopener noreferrer\">Robust model for S&amp;OP til store og sm\u00e5<\/a><\/li>\n<li><a href=\"http:\/\/www.salesandoperationsplanning.dk\/wp-content\/uploads\/2019\/05\/Operationsledere-skal-v\u00e6re-s\u00e6lgere.pdf\" target=\"_blank\" rel=\"noopener noreferrer\">Operationsledere skal v\u00e6re s\u00e6lgere<\/a><\/li>\n<li><a href=\"http:\/\/www.salesandoperationsplanning.dk\/wp-content\/uploads\/2019\/05\/KBIer-skal-supplere-dine-KPIer.pdf\" target=\"_blank\" rel=\"noopener noreferrer\">KBI&#8217;er skal supplere dine KPI&#8217;er<\/a><\/li>\n<\/ul>\n<h2>DILF Orientering \u2013 Dansk Indk\u00f8bs- og Logistik Forum<\/h2>\n<ul>\n<li><a href=\"http:\/\/www.salesandoperationsplanning.dk\/wp-content\/uploads\/2020\/06\/Stentoft-2020.pdf\" target=\"_blank\" rel=\"noopener noreferrer\">Success criteria for Sales &amp; Operations Planning: Perceived gap between importance and current level<\/a><\/li>\n<li><a href=\"http:\/\/www.salesandoperationsplanning.dk\/wp-content\/uploads\/2019\/07\/KBIs-and-supply-chain-orientation.pdf\" target=\"_blank\" rel=\"noopener noreferrer\">KBIs and Supply Chain Orientation<\/a><\/li>\n<li><a href=\"http:\/\/www.salesandoperationsplanning.dk\/wp-content\/uploads\/2017\/03\/Det-er-utroligt-hvor-langt-man-kan-komme-ved-blot-at-begynde-at-tale-sammen.pdf\" target=\"_blank\" rel=\"noopener noreferrer\">Det er utroligt, hvor langt man kan komme ved blot at begynde at tale sammen<\/a><\/li>\n<li><a href=\"http:\/\/www.salesandoperationsplanning.dk\/wp-content\/uploads\/2018\/09\/SOP-its-all-about-people.pdf\" target=\"_blank\" rel=\"noopener noreferrer\">It&#8217;s all about People<\/a><\/li>\n<\/ul>\n<h2>BusinessNYT<\/h2>\n<ul>\n<li><a href=\"http:\/\/businessnyt.dk\/2017\/09\/20\/praksisnaer-forskning-sdu\/\" target=\"_blank\" rel=\"noopener noreferrer\">Praksisn\u00e6r forskning fra SDU<\/a><\/li>\n<\/ul>\n<h2>LevnedsmiddelBladet<\/h2>\n<ul>\n<li><a href=\"http:\/\/www.salesandoperationsplanning.dk\/wp-content\/uploads\/2017\/12\/Forskere-vil-hjaelpe-virksomheder-til-bedre-drift.pdf\" target=\"_blank\" rel=\"noopener noreferrer\">Forskere vil hj\u00e6lpe virksomheder til bedre drift<\/a><\/li>\n<\/ul>\n<h2>Om projektet<\/h2>\n<ul>\n<li><a href=\"http:\/\/www.salesandoperationsplanning.dk\/wp-content\/uploads\/2018\/02\/SOP-Indsigt-i-et-praktisk-relevant-forskningsprojekt.pdf\" target=\"_blank\" rel=\"noopener noreferrer\">S&amp;OP med mennesket i centrum: Indsigt i et praktisk relevant forskningsprojekt<\/a><\/li>\n<li><a href=\"http:\/\/www.salesandoperationsplanning.dk\/wp-content\/uploads\/2018\/02\/Virksomheders-udvikling-mangler-faelles-fodslag.pdf\" target=\"_blank\" rel=\"noopener noreferrer\">Virksomheders udvikling mangler f\u00e6lles fodslag<\/a> (Kronik i Jysk Fynske Medier 25.02.2018)<\/li>\n<\/ul>\n\n\n<p><\/p>\n","protected":false},"excerpt":{"rendered":"<p>Jydske Vestkysten Bedre arbejdsmilj\u00f8 og h\u00f8jere effektivitet: Forskningsprojekt fra SDU er stor succes hos virksomheder Takket v\u00e6re forskningsprojekt: Nu m\u00f8der de til tiden hos Bramming Plast-Industri (+artikel) 200 industrifolk gav&#8230; <\/p>\n","protected":false},"author":2,"featured_media":1503,"parent":0,"menu_order":0,"comment_status":"closed","ping_status":"closed","template":"","meta":{"footnotes":""},"class_list":["post-57","page","type-page","status-publish","has-post-thumbnail","hentry"],"_links":{"self":[{"href":"https:\/\/www.salesandoperationsplanning.dk\/index.php\/wp-json\/wp\/v2\/pages\/57","targetHints":{"allow":["GET"]}}],"collection":[{"href":"https:\/\/www.salesandoperationsplanning.dk\/index.php\/wp-json\/wp\/v2\/pages"}],"about":[{"href":"https:\/\/www.salesandoperationsplanning.dk\/index.php\/wp-json\/wp\/v2\/types\/page"}],"author":[{"embeddable":true,"href":"https:\/\/www.salesandoperationsplanning.dk\/index.php\/wp-json\/wp\/v2\/users\/2"}],"replies":[{"embeddable":true,"href":"https:\/\/www.salesandoperationsplanning.dk\/index.php\/wp-json\/wp\/v2\/comments?post=57"}],"version-history":[{"count":34,"href":"https:\/\/www.salesandoperationsplanning.dk\/index.php\/wp-json\/wp\/v2\/pages\/57\/revisions"}],"predecessor-version":[{"id":4256,"href":"https:\/\/www.salesandoperationsplanning.dk\/index.php\/wp-json\/wp\/v2\/pages\/57\/revisions\/4256"}],"wp:featuredmedia":[{"embeddable":true,"href":"https:\/\/www.salesandoperationsplanning.dk\/index.php\/wp-json\/wp\/v2\/media\/1503"}],"wp:attachment":[{"href":"https:\/\/www.salesandoperationsplanning.dk\/index.php\/wp-json\/wp\/v2\/media?parent=57"}],"curies":[{"name":"wp","href":"https:\/\/api.w.org\/{rel}","templated":true}]}}