{"id":675,"date":"2017-08-04T08:20:56","date_gmt":"2017-08-04T06:20:56","guid":{"rendered":"http:\/\/www.salesandoperationsplanning.dk\/?page_id=675"},"modified":"2017-11-15T08:39:23","modified_gmt":"2017-11-15T07:39:23","slug":"arla-2","status":"publish","type":"page","link":"https:\/\/www.salesandoperationsplanning.dk\/index.php\/resultater\/resultater-2\/arla-2\/","title":{"rendered":"Arla Foods"},"content":{"rendered":"<p><a href=\"https:\/\/www.arla.com\/\" target=\"_blank\" rel=\"noopener\"><img loading=\"lazy\" decoding=\"async\" class=\"alignright wp-image-396 size-full\" src=\"http:\/\/www.salesandoperationsplanning.dk\/wp-content\/uploads\/2017\/05\/Arla-e1502709500969.jpg\" alt=\"\" width=\"175\" height=\"118\" \/><\/a>Arla Foods er et svensk-dansk andelsselskab med mere end 12.600 m\u00e6lkeproducenter i Nordeuropa og over 19.000 ansatte. Virksomheden producerer blandt andet m\u00e6lk, ost, sm\u00f8r, yoghurt og m\u00e6lkepulver under forskellige m\u00e6rker.<\/p>\n<p>Virksomheden er ejet af m\u00e6lkeb\u00f8nnere og har forpligtet sig til at skabe den st\u00f8rst mulige v\u00e6rdi af deres m\u00e6lk.<\/p>\n<p>Arlas produkter s\u00e6lges i mere end 100 lande. Med en \u00e5rlig oms\u00e6tning p\u00e5 over 10 milliarder Euro (2016) er Arla den st\u00f8rste producent af m\u00e6lkeprodukter i Skandinavien og den femte st\u00f8rste m\u00e6lkeproducent i verden.<\/p>\n<p>Virksomheden \u00f8nsker at v\u00e6re den bedst mulige partner for deres kunder i forhold til udvikling af b\u00e5de deres eget og kundernes m\u00e6rker, idet de ved, at succes p\u00e5 lang sigt kun kan opn\u00e5s, s\u00e5fremt virksomheden er i stand til at bidrage med v\u00e6rdi. Samtidig er virksomheden meget optaget af at vise ansvarlighed overfor milj\u00f8et og det f\u00e6llesskab, de er en del af.<\/p>\n<p><strong><a href=\"http:\/\/www.salesandoperationsplanning.dk\/wp-content\/uploads\/2017\/08\/Arla-Foods.pdf\" target=\"_blank\" rel=\"noopener\">Sales &amp; Operations Planning hos Arla Foods<\/a><\/strong><\/p>\n","protected":false},"excerpt":{"rendered":"<p>Arla Foods er et svensk-dansk andelsselskab med mere end 12.600 m\u00e6lkeproducenter i Nordeuropa og over 19.000 ansatte. Virksomheden producerer blandt andet m\u00e6lk, ost, sm\u00f8r, yoghurt og m\u00e6lkepulver under forskellige m\u00e6rker&#8230;. <\/p>\n","protected":false},"author":14,"featured_media":0,"parent":102,"menu_order":0,"comment_status":"closed","ping_status":"closed","template":"","meta":{"footnotes":""},"class_list":["post-675","page","type-page","status-publish","hentry"],"_links":{"self":[{"href":"https:\/\/www.salesandoperationsplanning.dk\/index.php\/wp-json\/wp\/v2\/pages\/675","targetHints":{"allow":["GET"]}}],"collection":[{"href":"https:\/\/www.salesandoperationsplanning.dk\/index.php\/wp-json\/wp\/v2\/pages"}],"about":[{"href":"https:\/\/www.salesandoperationsplanning.dk\/index.php\/wp-json\/wp\/v2\/types\/page"}],"author":[{"embeddable":true,"href":"https:\/\/www.salesandoperationsplanning.dk\/index.php\/wp-json\/wp\/v2\/users\/14"}],"replies":[{"embeddable":true,"href":"https:\/\/www.salesandoperationsplanning.dk\/index.php\/wp-json\/wp\/v2\/comments?post=675"}],"version-history":[{"count":18,"href":"https:\/\/www.salesandoperationsplanning.dk\/index.php\/wp-json\/wp\/v2\/pages\/675\/revisions"}],"predecessor-version":[{"id":2093,"href":"https:\/\/www.salesandoperationsplanning.dk\/index.php\/wp-json\/wp\/v2\/pages\/675\/revisions\/2093"}],"up":[{"embeddable":true,"href":"https:\/\/www.salesandoperationsplanning.dk\/index.php\/wp-json\/wp\/v2\/pages\/102"}],"wp:attachment":[{"href":"https:\/\/www.salesandoperationsplanning.dk\/index.php\/wp-json\/wp\/v2\/media?parent=675"}],"curies":[{"name":"wp","href":"https:\/\/api.w.org\/{rel}","templated":true}]}}