{"id":687,"date":"2017-08-04T08:21:31","date_gmt":"2017-08-04T06:21:31","guid":{"rendered":"http:\/\/www.salesandoperationsplanning.dk\/?page_id=687"},"modified":"2017-11-15T08:41:33","modified_gmt":"2017-11-15T07:41:33","slug":"toms-2","status":"publish","type":"page","link":"https:\/\/www.salesandoperationsplanning.dk\/index.php\/resultater\/resultater-2\/toms-2\/","title":{"rendered":"Toms Gruppen"},"content":{"rendered":"<p><a href=\"http:\/\/tomsgroup.com\/\" target=\"_blank\" rel=\"noopener\"><img loading=\"lazy\" decoding=\"async\" class=\"alignright wp-image-405 size-full\" src=\"http:\/\/www.salesandoperationsplanning.dk\/wp-content\/uploads\/2017\/05\/Toms-e1502709343402.png\" alt=\"\" width=\"144\" height=\"58\" \/><\/a>Toms Gruppen blev grundlagt i 1924 og har siden leveret s\u00f8de oplevelser til danskerne. De laver selv alt fra bunden med lige dele stolte traditioner og fornyelse.<\/p>\n<p>Toms har dybe r\u00f8dder i den danske kultur som dem, der leverer danskernes favoritchokolade og \u2013slik. De er blandt andet kendt for produktionen af Tomol halspastiller mod hoste og h\u00e6shed, Guld Barren, Yankie Baren, Fyldte Skildpadder, Anthon Berg, Pingvin Lakrids, BonBon bolcher, Ga-Jol, Galle &amp; Jessen p\u00e5l\u00e6gschokolade og Spunk pastiller, A XOCO chokoladegastronomi, Nellies Dellies lakrids og vingumme, Toms Ekstra m\u00f8rk chokolade samt Prinzesssin Ferodora og Hachez.<\/p>\n<p>Toms slik og chokolade er if\u00f8lge virksomheden indbegrebet af danskhed og aftenhygge i stuerne. De opmunter til at <em>huske hyggen <\/em>og tager den specielle danske humor i h\u00e5nden og leger med sp\u00e6ndingsfeltet mellem hygge og uhygge.<\/p>\n<p>Hos Toms mener man aldring hyggen g\u00e5r af mode og virksomheden har derfor t\u00e6nkt sig at forts\u00e6tte med at v\u00e6re dem, der leverer danskernes favoritchokolade og -slik til hyggelige stunder.<br \/>\n<strong><a href=\"http:\/\/www.salesandoperationsplanning.dk\/wp-content\/uploads\/2017\/08\/Sales-Operations-Planning-hos-Toms-Gruppen.pdf\" target=\"_blank\" rel=\"noopener\">Sales &amp; Operations Planning hos Toms Gruppen<\/a><\/strong><\/p>\n<h2>Videoer<\/h2>\n<ul>\n<li><a href=\"https:\/\/www.youtube.com\/embed\/LLgiMt-YEHw\" target=\"_blank\" rel=\"noopener\">Carl Johan, Forsyningsk\u00e6deansvarlig<\/a><\/li>\n<li><a href=\"https:\/\/www.youtube.com\/embed\/sfAbdpAVnys\" target=\"_blank\" rel=\"noopener\">Rie Hoffmann; Planl\u00e6gningsansvarlig<\/a><\/li>\n<li><a href=\"https:\/\/www.youtube.com\/embed\/nPbYZ4Xt6nU\" target=\"_blank\" rel=\"noopener\">Carsten Lyngs\u00f8 Thomsen, Administrerende direkt\u00f8r<\/a><\/li>\n<\/ul>\n","protected":false},"excerpt":{"rendered":"<p>Toms Gruppen blev grundlagt i 1924 og har siden leveret s\u00f8de oplevelser til danskerne. De laver selv alt fra bunden med lige dele stolte traditioner og fornyelse. Toms har dybe&#8230; <\/p>\n","protected":false},"author":14,"featured_media":0,"parent":102,"menu_order":0,"comment_status":"closed","ping_status":"closed","template":"","meta":{"footnotes":""},"class_list":["post-687","page","type-page","status-publish","hentry"],"_links":{"self":[{"href":"https:\/\/www.salesandoperationsplanning.dk\/index.php\/wp-json\/wp\/v2\/pages\/687","targetHints":{"allow":["GET"]}}],"collection":[{"href":"https:\/\/www.salesandoperationsplanning.dk\/index.php\/wp-json\/wp\/v2\/pages"}],"about":[{"href":"https:\/\/www.salesandoperationsplanning.dk\/index.php\/wp-json\/wp\/v2\/types\/page"}],"author":[{"embeddable":true,"href":"https:\/\/www.salesandoperationsplanning.dk\/index.php\/wp-json\/wp\/v2\/users\/14"}],"replies":[{"embeddable":true,"href":"https:\/\/www.salesandoperationsplanning.dk\/index.php\/wp-json\/wp\/v2\/comments?post=687"}],"version-history":[{"count":24,"href":"https:\/\/www.salesandoperationsplanning.dk\/index.php\/wp-json\/wp\/v2\/pages\/687\/revisions"}],"predecessor-version":[{"id":2105,"href":"https:\/\/www.salesandoperationsplanning.dk\/index.php\/wp-json\/wp\/v2\/pages\/687\/revisions\/2105"}],"up":[{"embeddable":true,"href":"https:\/\/www.salesandoperationsplanning.dk\/index.php\/wp-json\/wp\/v2\/pages\/102"}],"wp:attachment":[{"href":"https:\/\/www.salesandoperationsplanning.dk\/index.php\/wp-json\/wp\/v2\/media?parent=687"}],"curies":[{"name":"wp","href":"https:\/\/api.w.org\/{rel}","templated":true}]}}