{"id":693,"date":"2017-08-04T08:22:00","date_gmt":"2017-08-04T06:22:00","guid":{"rendered":"http:\/\/www.salesandoperationsplanning.dk\/?page_id=693"},"modified":"2017-11-15T08:41:10","modified_gmt":"2017-11-15T07:41:10","slug":"pandora-2","status":"publish","type":"page","link":"https:\/\/www.salesandoperationsplanning.dk\/index.php\/resultater\/resultater-2\/pandora-2\/","title":{"rendered":"PANDORA"},"content":{"rendered":"<p><a href=\"http:\/\/pandoragroup.com\/en\" target=\"_blank\" rel=\"noopener\"><img loading=\"lazy\" decoding=\"async\" class=\"alignright wp-image-402 size-full\" src=\"http:\/\/www.salesandoperationsplanning.dk\/wp-content\/uploads\/2017\/05\/Pandora-e1502709588742.png\" alt=\"\" width=\"175\" height=\"56\" \/><\/a>PANDORA er verdens n\u00e6stst\u00f8rste smykkem\u00e6rke. Deres smykker findes i mere end 100 butikker p\u00e5 tv\u00e6rs af 6 kontinenter.<\/p>\n<p>PANDORA er et univers af h\u00e5ndlavede og nutidige smykker lavet af materialer af h\u00f8jest kvalitet.<\/p>\n<p>PANDORA \u00f8nsker at inspirere kvinder verden over til at udtrykke deres feminine individualitet gennem virksomhedens smykker.<\/p>\n<p>PANDORA har forpligtiget sig til at fremme og opmuntre en ansvarlig forretningspraksis lige fra sourcing af materialer af h\u00f8j kvalitet og \u00e6delstene til fremstilling og markedsf\u00f8ring af deres smykker.<\/p>\n<p><a href=\"http:\/\/www.salesandoperationsplanning.dk\/wp-content\/uploads\/2017\/08\/PANDORA.pdf\" target=\"_blank\" rel=\"noopener\"><strong>Sales &amp; Opertions Planning hos PANDORA<\/strong><\/a><\/p>\n<h2>Videoer<\/h2>\n<ul>\n<li><a href=\"https:\/\/www.youtube.com\/embed\/OhPIS1OJvsc\" target=\"_blank\" rel=\"noopener\">Thomas Touborg, Senior Vice President, Group Operations<\/a><\/li>\n<li><a href=\"https:\/\/www.youtube.com\/embed\/eocDfrL1d-A\" target=\"_blank\" rel=\"noopener\">Anders Rieck,\u00a0\u200eGroup S&amp;OP Manager<\/a><\/li>\n<li><a href=\"https:\/\/www.youtube.com\/embed\/ccUsvbVvy0M\" target=\"_blank\" rel=\"noopener\">Anders Frandsen,\u00a0S&amp;OP Director, Group Supply Chain<\/a><\/li>\n<\/ul>\n","protected":false},"excerpt":{"rendered":"<p>PANDORA er verdens n\u00e6stst\u00f8rste smykkem\u00e6rke. Deres smykker findes i mere end 100 butikker p\u00e5 tv\u00e6rs af 6 kontinenter. PANDORA er et univers af h\u00e5ndlavede og nutidige smykker lavet af materialer&#8230; <\/p>\n","protected":false},"author":14,"featured_media":0,"parent":102,"menu_order":0,"comment_status":"closed","ping_status":"closed","template":"","meta":{"footnotes":""},"class_list":["post-693","page","type-page","status-publish","hentry"],"_links":{"self":[{"href":"https:\/\/www.salesandoperationsplanning.dk\/index.php\/wp-json\/wp\/v2\/pages\/693","targetHints":{"allow":["GET"]}}],"collection":[{"href":"https:\/\/www.salesandoperationsplanning.dk\/index.php\/wp-json\/wp\/v2\/pages"}],"about":[{"href":"https:\/\/www.salesandoperationsplanning.dk\/index.php\/wp-json\/wp\/v2\/types\/page"}],"author":[{"embeddable":true,"href":"https:\/\/www.salesandoperationsplanning.dk\/index.php\/wp-json\/wp\/v2\/users\/14"}],"replies":[{"embeddable":true,"href":"https:\/\/www.salesandoperationsplanning.dk\/index.php\/wp-json\/wp\/v2\/comments?post=693"}],"version-history":[{"count":19,"href":"https:\/\/www.salesandoperationsplanning.dk\/index.php\/wp-json\/wp\/v2\/pages\/693\/revisions"}],"predecessor-version":[{"id":2102,"href":"https:\/\/www.salesandoperationsplanning.dk\/index.php\/wp-json\/wp\/v2\/pages\/693\/revisions\/2102"}],"up":[{"embeddable":true,"href":"https:\/\/www.salesandoperationsplanning.dk\/index.php\/wp-json\/wp\/v2\/pages\/102"}],"wp:attachment":[{"href":"https:\/\/www.salesandoperationsplanning.dk\/index.php\/wp-json\/wp\/v2\/media?parent=693"}],"curies":[{"name":"wp","href":"https:\/\/api.w.org\/{rel}","templated":true}]}}