{"id":699,"date":"2017-08-04T08:23:08","date_gmt":"2017-08-04T06:23:08","guid":{"rendered":"http:\/\/www.salesandoperationsplanning.dk\/?page_id=699"},"modified":"2017-11-15T08:40:41","modified_gmt":"2017-11-15T07:40:41","slug":"lantmannen","status":"publish","type":"page","link":"https:\/\/www.salesandoperationsplanning.dk\/index.php\/resultater\/resultater-2\/lantmannen\/","title":{"rendered":"Lantm\u00e4nnen Unibake"},"content":{"rendered":"<p><a href=\"http:\/\/www.lantmannen-unibake.com\/da-DK\/Om-LU\/\" target=\"_blank\" rel=\"noopener\"><img loading=\"lazy\" decoding=\"async\" class=\"alignright wp-image-558 size-full\" src=\"http:\/\/www.salesandoperationsplanning.dk\/wp-content\/uploads\/2017\/05\/Lantm\u00e4nnen-unibake.png\" alt=\"\" width=\"144\" height=\"68\" \/><\/a>Lantm\u00e4nnen Unibake er en f\u00f8rende international bagerikoncern med ekspertise i frosne og friske bageriprodukter til foodservice og detail. Virksomheden s\u00f8ger at im\u00f8dekomme morgendagens udfordringer p\u00e5 bageri-omr\u00e5det og s\u00e6tter nye standarder for br\u00f8dets muligheder.<\/p>\n<p>Med et bredt sortiment af br\u00f8d, fastfood, wienerbr\u00f8d og croissanter tilbyder Lantm\u00e4nnen Unibake produkter til ethvert m\u00e5ltid og enhver situation. M\u00e5let er at g\u00f8re br\u00f8d til en rentabel forretning for virksomhedens kunder gennem kvalitetsprodukter og uovertrufne l\u00f8sninger &#8211; altid p\u00e5 grundlag af en b\u00e6redygtig tankegang, de nyeste indsigter og velsmag.<\/p>\n<p>Lantm\u00e4nnen Unibake har moderne bagerier i Danmark, Sverige, Norge, Finland, Polen, Belgien, Tyskland, Rusland, Storbritannien, Ungarn og USA. Hovedkontoret er placeret i Danmark. Virksomheden besk\u00e6ftiger ca. 6.000 medarbejdere i 21 lande.<\/p>\n<p>Lantm\u00e4nnen Unibake ejes af svenske landm\u00e6nd via Lantm\u00e4nnen-koncernen, der er ansvarlige for produktionen af f\u00f8devarer fra jord til bord. S\u00e5ledes er forretningen fast forankret i en omtanke for naturen og respekt for ressourcer og r\u00e5stoffer.<\/p>\n<p><strong><a href=\"http:\/\/www.salesandoperationsplanning.dk\/wp-content\/uploads\/2017\/08\/Lantm\u00e4nnen.pdf\" target=\"_blank\" rel=\"noopener\">Sales &amp; Operations Planning hos Lantm\u00e4nnen Unibake<\/a><\/strong><\/p>\n","protected":false},"excerpt":{"rendered":"<p>Lantm\u00e4nnen Unibake er en f\u00f8rende international bagerikoncern med ekspertise i frosne og friske bageriprodukter til foodservice og detail. Virksomheden s\u00f8ger at im\u00f8dekomme morgendagens udfordringer p\u00e5 bageri-omr\u00e5det og s\u00e6tter nye standarder&#8230; <\/p>\n","protected":false},"author":14,"featured_media":0,"parent":102,"menu_order":0,"comment_status":"closed","ping_status":"closed","template":"","meta":{"footnotes":""},"class_list":["post-699","page","type-page","status-publish","hentry"],"_links":{"self":[{"href":"https:\/\/www.salesandoperationsplanning.dk\/index.php\/wp-json\/wp\/v2\/pages\/699","targetHints":{"allow":["GET"]}}],"collection":[{"href":"https:\/\/www.salesandoperationsplanning.dk\/index.php\/wp-json\/wp\/v2\/pages"}],"about":[{"href":"https:\/\/www.salesandoperationsplanning.dk\/index.php\/wp-json\/wp\/v2\/types\/page"}],"author":[{"embeddable":true,"href":"https:\/\/www.salesandoperationsplanning.dk\/index.php\/wp-json\/wp\/v2\/users\/14"}],"replies":[{"embeddable":true,"href":"https:\/\/www.salesandoperationsplanning.dk\/index.php\/wp-json\/wp\/v2\/comments?post=699"}],"version-history":[{"count":17,"href":"https:\/\/www.salesandoperationsplanning.dk\/index.php\/wp-json\/wp\/v2\/pages\/699\/revisions"}],"predecessor-version":[{"id":2099,"href":"https:\/\/www.salesandoperationsplanning.dk\/index.php\/wp-json\/wp\/v2\/pages\/699\/revisions\/2099"}],"up":[{"embeddable":true,"href":"https:\/\/www.salesandoperationsplanning.dk\/index.php\/wp-json\/wp\/v2\/pages\/102"}],"wp:attachment":[{"href":"https:\/\/www.salesandoperationsplanning.dk\/index.php\/wp-json\/wp\/v2\/media?parent=699"}],"curies":[{"name":"wp","href":"https:\/\/api.w.org\/{rel}","templated":true}]}}